{"id":24934,"date":"2022-02-02T11:10:44","date_gmt":"2022-02-02T14:10:44","guid":{"rendered":"https:\/\/loja.iprojectti.com.br\/?product=sg220-26-26-port-gigabit-smart-switch"},"modified":"2022-02-13T18:30:27","modified_gmt":"2022-02-13T21:30:27","slug":"sg220-26-26-port-gigabit-smart-switch","status":"publish","type":"product","link":"https:\/\/loja.iprojectti.com.br\/?product=sg220-26-26-port-gigabit-smart-switch","title":{"rendered":"SG220-26 26-port Gigabit Smart Switch"},"content":{"rendered":"<p class=\"pBody ckeditor-css\" style=\"border: 0px;margin: 1px 0em 5px;padding: 0px;text-align: left\"><span style=\"font-size: 14px\"><span style=\"font-style: normal\"><span style=\"font-variant: normal\"><span style=\"font-weight: 400\"><span><span style=\"line-height: 1.7\"><span style=\"font-family: CiscoSans, Arial, sans-serif\"><span style=\"vertical-align: baseline\"><span style=\"color: #525252\"><span style=\"text-decoration: none\"><span style=\"text-transform: none\"><span style=\"overflow: visible\"><span style=\"letter-spacing: normal\"><span><span><span><span><span style=\"background-color: #ffffff\"><span style=\"overflow: visible;font-family: CiscoSans, Arial, sans-serif;font-size: 14px;vertical-align: inherit\"><span style=\"overflow: visible;font-family: CiscoSans, Arial, sans-serif;font-size: 14px;vertical-align: inherit\">No mundo hiperconectado de hoje, o acesso confi\u00e1vel aos recursos de rede \u00e9 fundamental para todas as empresas.\u00a0<\/span><span style=\"overflow: visible;font-family: CiscoSans, Arial, sans-serif;font-size: 14px;vertical-align: inherit\">No entanto, voc\u00ea tamb\u00e9m precisa investir com sabedoria para permanecer competitivo, sabendo separar o essencial do irrelevante e obter o m\u00e1ximo valor pelo seu dinheiro.\u00a0<\/span><span style=\"overflow: visible;font-family: CiscoSans, Arial, sans-serif;font-size: 14px;vertical-align: inherit\">Para investir em infraestrutura de rede, construir uma base s\u00f3lida para o seu neg\u00f3cio \u00e9 essencial, mas isso n\u00e3o significa que voc\u00ea precisa do conjunto de recursos mais avan\u00e7ado do mercado.<\/span><\/span><\/span><\/span><\/span><\/span><\/span><\/span><\/span><\/span><\/span><\/span><\/span><\/span><\/span><\/span><\/span><\/span><\/span><\/span><\/p>\n<p class=\"pBody ckeditor-css\" style=\"border: 0px;margin: 1px 0em 5px;padding: 0px;text-align: left\"><span style=\"font-size: 14px\"><span style=\"font-style: normal\"><span style=\"font-variant: normal\"><span style=\"font-weight: 400\"><span><span style=\"line-height: 1.7\"><span style=\"font-family: CiscoSans, Arial, sans-serif\"><span style=\"vertical-align: baseline\"><span style=\"color: #525252\"><span style=\"text-decoration: none\"><span style=\"text-transform: none\"><span style=\"overflow: visible\"><span style=\"letter-spacing: normal\"><span><span><span><span><span style=\"background-color: #ffffff\"><span style=\"overflow: visible;font-family: CiscoSans, Arial, sans-serif;font-size: 14px;vertical-align: inherit\"><span style=\"overflow: visible;font-family: CiscoSans, Arial, sans-serif;font-size: 14px;vertical-align: inherit\">Para empresas que exigem alto desempenho, seguran\u00e7a avan\u00e7ada e capacidade de gerenciamento avan\u00e7ada da rede, switches totalmente gerenciados s\u00e3o uma escolha excelente.\u00a0<\/span><span style=\"overflow: visible;font-family: CiscoSans, Arial, sans-serif;font-size: 14px;vertical-align: inherit\">No entanto, eles normalmente v\u00eam com etiquetas de pre\u00e7os elevados.\u00a0<\/span><span style=\"overflow: visible;font-family: CiscoSans, Arial, sans-serif;font-size: 14px;vertical-align: inherit\">Os switches inteligentes fornecem o n\u00edvel certo de recursos e capacidades de rede para neg\u00f3cios em crescimento a um pre\u00e7o mais baixo, de modo que voc\u00ea ter\u00e1 mais dinheiro para investir em outras \u00e1reas de seus neg\u00f3cios.<\/span><\/span><\/span><\/span><\/span><\/span><\/span><\/span><\/span><\/span><\/span><\/span><\/span><\/span><\/span><\/span><\/span><\/span><\/span><\/span><\/p>\n<p class=\"pBody ckeditor-css\" style=\"border: 0px;margin: 1px 0em 5px;padding: 0px;text-align: left\"><span style=\"font-size: 14px\"><span style=\"font-style: normal\"><span style=\"font-variant: normal\"><span style=\"font-weight: 400\"><span><span style=\"line-height: 1.7\"><span style=\"font-family: CiscoSans, Arial, sans-serif\"><span style=\"vertical-align: baseline\"><span style=\"color: #525252\"><span style=\"text-decoration: none\"><span style=\"text-transform: none\"><span style=\"overflow: visible\"><span style=\"letter-spacing: normal\"><span><span><span><span><span style=\"background-color: #ffffff\"><span style=\"overflow: visible;font-family: CiscoSans, Arial, sans-serif;font-size: 14px;vertical-align: inherit\"><span style=\"overflow: visible;font-family: CiscoSans, Arial, sans-serif;font-size: 14px;vertical-align: inherit\">Com os switches\u00a0<\/span><span style=\"overflow: visible;font-family: CiscoSans, Arial, sans-serif;font-size: 14px;vertical-align: inherit\">inteligentes\u00a0<\/span><span style=\"overflow: visible;font-family: CiscoSans, Arial, sans-serif;font-size: 14px;vertical-align: inherit\">Cisco<\/span><\/span><span style=\"overflow: visible;font-family: CiscoSans, Arial, sans-serif;font-size: 14px;vertical-align: inherit\"><span style=\"overflow: visible;font-family: CiscoSans, Arial, sans-serif;font-size: 14px;vertical-align: inherit\">, voc\u00ea pode obter seguran\u00e7a e desempenho de rede de classe empresarial sem pagar por recursos de rede avan\u00e7ados que n\u00e3o usar\u00e1.\u00a0<\/span><span style=\"overflow: visible;font-family: CiscoSans, Arial, sans-serif;font-size: 14px;vertical-align: inherit\">Quando voc\u00ea precisa de uma solu\u00e7\u00e3o confi\u00e1vel para compartilhar recursos online e conectar computadores, telefones e pontos de acesso sem fio, mas o baixo custo \u00e9 a principal prioridade, os Cisco Smart Switches fornecem a solu\u00e7\u00e3o ideal.<\/span><\/span><\/span><\/span><\/span><\/span><\/span><\/span><\/span><\/span><\/span><\/span><\/span><\/span><\/span><\/span><\/span><\/span><\/span><\/span><\/p>\n","protected":false},"excerpt":{"rendered":"<p>No mundo hiperconectado de hoje, o acesso confi\u00e1vel aos recursos de rede \u00e9 fundamental para todas as empresas.\u00a0No entanto, voc\u00ea tamb\u00e9m precisa investir com sabedoria para permanecer competitivo, sabendo separar<\/p>\n","protected":false},"featured_media":25415,"comment_status":"open","ping_status":"closed","template":"","meta":[],"product_cat":[522],"product_tag":[],"class_list":{"0":"post-24934","1":"product","2":"type-product","3":"status-publish","4":"has-post-thumbnail","6":"product_cat-sg-series","8":"first","9":"instock","10":"shipping-taxable","11":"purchasable","12":"product-type-simple"},"acf":[],"_links":{"self":[{"href":"https:\/\/loja.iprojectti.com.br\/index.php?rest_route=\/wp\/v2\/product\/24934","targetHints":{"allow":["GET"]}}],"collection":[{"href":"https:\/\/loja.iprojectti.com.br\/index.php?rest_route=\/wp\/v2\/product"}],"about":[{"href":"https:\/\/loja.iprojectti.com.br\/index.php?rest_route=\/wp\/v2\/types\/product"}],"replies":[{"embeddable":true,"href":"https:\/\/loja.iprojectti.com.br\/index.php?rest_route=%2Fwp%2Fv2%2Fcomments&post=24934"}],"wp:featuredmedia":[{"embeddable":true,"href":"https:\/\/loja.iprojectti.com.br\/index.php?rest_route=\/wp\/v2\/media\/25415"}],"wp:attachment":[{"href":"https:\/\/loja.iprojectti.com.br\/index.php?rest_route=%2Fwp%2Fv2%2Fmedia&parent=24934"}],"wp:term":[{"taxonomy":"product_cat","embeddable":true,"href":"https:\/\/loja.iprojectti.com.br\/index.php?rest_route=%2Fwp%2Fv2%2Fproduct_cat&post=24934"},{"taxonomy":"product_tag","embeddable":true,"href":"https:\/\/loja.iprojectti.com.br\/index.php?rest_route=%2Fwp%2Fv2%2Fproduct_tag&post=24934"}],"curies":[{"name":"wp","href":"https:\/\/api.w.org\/{rel}","templated":true}]}}