{"id":24837,"date":"2022-02-02T11:10:16","date_gmt":"2022-02-02T14:10:16","guid":{"rendered":"https:\/\/loja.iprojectti.com.br\/?product=ncs-5001-series-router"},"modified":"2022-02-04T15:06:06","modified_gmt":"2022-02-04T18:06:06","slug":"ncs-5001-series-router","status":"publish","type":"product","link":"https:\/\/loja.iprojectti.com.br\/?product=ncs-5001-series-router","title":{"rendered":"NCS 5001 Series Router"},"content":{"rendered":"<p class=\"ckeditor-css\" style=\"margin: 0cm 0cm 8pt;\"><span style=\"font-size: 11pt;\"><span style=\"line-height: 107%;\"><span style=\"font-family: Calibri,sans-serif;\"><b>Alto desempenho, baixo consumo de energia<\/b><\/span><\/span><\/span><\/p>\n<p class=\"ckeditor-css\" style=\"margin: 0cm 0cm 8pt;\"><span style=\"font-size: 11pt;\"><span style=\"line-height: 107%;\"><span style=\"font-family: Calibri,sans-serif;\">Os roteadores da s\u00e9rie 5000 oferecem taxa de transfer\u00eancia de 960 Gbps com 1,4 Bpps.\u00a0Eles tamb\u00e9m ocupam pouco espa\u00e7o e consomem menos energia.<\/span><\/span><\/span><\/p>\n<p class=\"ckeditor-css\" style=\"margin: 0cm 0cm 8pt;\"><span style=\"font-size: 11pt;\"><span style=\"line-height: 107%;\"><span style=\"font-family: Calibri,sans-serif;\"><b>Otimizado para escala de nuvem<\/b><\/span><\/span><\/span><\/p>\n<p class=\"ckeditor-css\" style=\"margin: 0cm 0cm 8pt;\"><span style=\"font-size: 11pt;\"><span style=\"line-height: 107%;\"><span style=\"font-family: Calibri,sans-serif;\">Obtenha uma solu\u00e7\u00e3o densa e program\u00e1vel que ofere\u00e7a suporte a hospedagem de aplicativos, interface m\u00e1quina a m\u00e1quina (M2M), telemetria e entrega de pacote flex\u00edvel para aprimoramentos de recursos de software.<\/span><\/span><\/span><\/p>\n<p class=\"ckeditor-css\" style=\"margin: 0cm 0cm 8pt;\"><span style=\"font-size: 11pt;\"><span style=\"line-height: 107%;\"><span style=\"font-family: Calibri,sans-serif;\"><b>Virtualiza\u00e7\u00e3o de rede<\/b><\/span><\/span><\/span><\/p>\n<p class=\"ckeditor-css\" style=\"margin: 0cm 0cm 8pt;\"><span style=\"font-size: 11pt;\"><span style=\"line-height: 107%;\"><span style=\"font-family: Calibri,sans-serif;\">A tecnologia Cisco nV reduz drasticamente os custos operacionais e simplifica a rede por meio do uso do plano de controle distribu\u00eddo Cisco ASR 9000 Series.<\/span><\/span><\/span><\/p>\n","protected":false},"excerpt":{"rendered":"<p>Alto desempenho, baixo consumo de energia Os roteadores da s\u00e9rie 5000 oferecem taxa de transfer\u00eancia de 960 Gbps com 1,4 Bpps.\u00a0Eles tamb\u00e9m ocupam pouco espa\u00e7o e consomem menos energia. Otimizado<\/p>\n","protected":false},"featured_media":25473,"comment_status":"open","ping_status":"closed","template":"","meta":[],"product_cat":[479],"product_tag":[],"class_list":{"0":"post-24837","1":"product","2":"type-product","3":"status-publish","4":"has-post-thumbnail","6":"product_cat-ncs-5000-series","8":"first","9":"instock","10":"shipping-taxable","11":"purchasable","12":"product-type-simple"},"acf":[],"_links":{"self":[{"href":"https:\/\/loja.iprojectti.com.br\/index.php?rest_route=\/wp\/v2\/product\/24837","targetHints":{"allow":["GET"]}}],"collection":[{"href":"https:\/\/loja.iprojectti.com.br\/index.php?rest_route=\/wp\/v2\/product"}],"about":[{"href":"https:\/\/loja.iprojectti.com.br\/index.php?rest_route=\/wp\/v2\/types\/product"}],"replies":[{"embeddable":true,"href":"https:\/\/loja.iprojectti.com.br\/index.php?rest_route=%2Fwp%2Fv2%2Fcomments&post=24837"}],"wp:featuredmedia":[{"embeddable":true,"href":"https:\/\/loja.iprojectti.com.br\/index.php?rest_route=\/wp\/v2\/media\/25473"}],"wp:attachment":[{"href":"https:\/\/loja.iprojectti.com.br\/index.php?rest_route=%2Fwp%2Fv2%2Fmedia&parent=24837"}],"wp:term":[{"taxonomy":"product_cat","embeddable":true,"href":"https:\/\/loja.iprojectti.com.br\/index.php?rest_route=%2Fwp%2Fv2%2Fproduct_cat&post=24837"},{"taxonomy":"product_tag","embeddable":true,"href":"https:\/\/loja.iprojectti.com.br\/index.php?rest_route=%2Fwp%2Fv2%2Fproduct_tag&post=24837"}],"curies":[{"name":"wp","href":"https:\/\/api.w.org\/{rel}","templated":true}]}}