{"id":24832,"date":"2022-02-02T11:10:15","date_gmt":"2022-02-02T14:10:15","guid":{"rendered":"https:\/\/loja.iprojectti.com.br\/?product=modulo-ncs-5500-12x10g-mpa-2"},"modified":"2022-02-04T15:06:06","modified_gmt":"2022-02-04T18:06:06","slug":"modulo-ncs-5500-12x10g-mpa-2","status":"publish","type":"product","link":"https:\/\/loja.iprojectti.com.br\/?product=modulo-ncs-5500-12x10g-mpa-2","title":{"rendered":"Modulo NCS 5500 12x10g MPA"},"content":{"rendered":"<p class=\"ckeditor-css\" style=\"margin: 0cm 0cm 8pt;\"><span style=\"font-size: 11pt;\"><span style=\"line-height: 107%;\"><span style=\"font-family: Calibri,sans-serif;\"><b>Escala de massa<\/b><\/span><\/span><\/span><\/p>\n<p class=\"ckeditor-css\" style=\"margin: 0cm 0cm 8pt;\"><span style=\"font-size: 11pt;\"><span style=\"line-height: 107%;\"><span style=\"font-family: Calibri,sans-serif;\">Lide com o crescimento do tr\u00e1fego com sistemas fixos ou modulares oferecendo densidade 100G e 400G sem precedentes.<\/span><\/span><\/span><\/p>\n<p class=\"ckeditor-css\" style=\"margin: 0cm 0cm 8pt;\"><span style=\"font-size: 11pt;\"><span style=\"line-height: 107%;\"><span style=\"font-family: Calibri,sans-serif;\"><b>Prote\u00e7\u00e3o de investimento<\/b><\/span><\/span><\/span><\/p>\n<p class=\"ckeditor-css\" style=\"margin: 0cm 0cm 8pt;\"><span style=\"font-size: 11pt;\"><span style=\"line-height: 107%;\"><span style=\"font-family: Calibri,sans-serif;\">Atualize seus sistemas com modelos de consumo flex\u00edvel para desenvolver sua rede com tranquilidade.<\/span><\/span><\/span><\/p>\n<p class=\"ckeditor-css\" style=\"margin: 0cm 0cm 8pt;\"><span style=\"font-size: 11pt;\"><span style=\"line-height: 107%;\"><span style=\"font-family: Calibri,sans-serif;\"><b>Agilidade de atendimento<\/b><\/span><\/span><\/span><\/p>\n<p class=\"ckeditor-css\" style=\"margin: 0cm 0cm 8pt;\"><span style=\"font-size: 11pt;\"><span style=\"line-height: 107%;\"><span style=\"font-family: Calibri,sans-serif;\">Crie experi\u00eancias de rede \u00fanicas com Segment Routing e EVPN com IOS XR aprimorado em nuvem.<\/span><\/span><\/span><\/p>\n<p class=\"ckeditor-css\" style=\"margin: 0cm 0cm 8pt;\"><span style=\"font-size: 11pt;\"><span style=\"line-height: 107%;\"><span style=\"font-family: Calibri,sans-serif;\"><b>Sustentabilidade<\/b><\/span><\/span><\/span><\/p>\n<p class=\"ckeditor-css\" style=\"margin: 0cm 0cm 8pt;\"><span style=\"font-size: 11pt;\"><span style=\"line-height: 107%;\"><span style=\"font-family: Calibri,sans-serif;\">Reduza os impactos ambientais com sistemas que oferecem menor consumo de energia (at\u00e9 0,3 Watts \/ Gb) e integrando ferramentas de automa\u00e7\u00e3o para reduzir as opera\u00e7\u00f5es manuais e no local.<\/span><\/span><\/span><\/p>\n","protected":false},"excerpt":{"rendered":"<p>Escala de massa Lide com o crescimento do tr\u00e1fego com sistemas fixos ou modulares oferecendo densidade 100G e 400G sem precedentes. Prote\u00e7\u00e3o de investimento Atualize seus sistemas com modelos de<\/p>\n","protected":false},"featured_media":25543,"comment_status":"open","ping_status":"closed","template":"","meta":[],"product_cat":[475],"product_tag":[],"class_list":{"0":"post-24832","1":"product","2":"type-product","3":"status-publish","4":"has-post-thumbnail","6":"product_cat-ncs-5500-series","8":"first","9":"instock","10":"shipping-taxable","11":"purchasable","12":"product-type-simple"},"acf":[],"_links":{"self":[{"href":"https:\/\/loja.iprojectti.com.br\/index.php?rest_route=\/wp\/v2\/product\/24832","targetHints":{"allow":["GET"]}}],"collection":[{"href":"https:\/\/loja.iprojectti.com.br\/index.php?rest_route=\/wp\/v2\/product"}],"about":[{"href":"https:\/\/loja.iprojectti.com.br\/index.php?rest_route=\/wp\/v2\/types\/product"}],"replies":[{"embeddable":true,"href":"https:\/\/loja.iprojectti.com.br\/index.php?rest_route=%2Fwp%2Fv2%2Fcomments&post=24832"}],"wp:featuredmedia":[{"embeddable":true,"href":"https:\/\/loja.iprojectti.com.br\/index.php?rest_route=\/wp\/v2\/media\/25543"}],"wp:attachment":[{"href":"https:\/\/loja.iprojectti.com.br\/index.php?rest_route=%2Fwp%2Fv2%2Fmedia&parent=24832"}],"wp:term":[{"taxonomy":"product_cat","embeddable":true,"href":"https:\/\/loja.iprojectti.com.br\/index.php?rest_route=%2Fwp%2Fv2%2Fproduct_cat&post=24832"},{"taxonomy":"product_tag","embeddable":true,"href":"https:\/\/loja.iprojectti.com.br\/index.php?rest_route=%2Fwp%2Fv2%2Fproduct_tag&post=24832"}],"curies":[{"name":"wp","href":"https:\/\/api.w.org\/{rel}","templated":true}]}}