{"id":24826,"date":"2022-02-02T11:10:13","date_gmt":"2022-02-02T14:10:13","guid":{"rendered":"https:\/\/loja.iprojectti.com.br\/?product=meraki-z3-cloud-managed-teleworker-gateway"},"modified":"2022-03-03T16:44:57","modified_gmt":"2022-03-03T19:44:57","slug":"meraki-z3-cloud-managed-teleworker-gateway","status":"publish","type":"product","link":"https:\/\/loja.iprojectti.com.br\/?product=meraki-z3-cloud-managed-teleworker-gateway","title":{"rendered":"Meraki Z3 Cloud Managed Teleworker Gateway"},"content":{"rendered":"<ul class=\"ckeditor-css\">\n<li><strong>Interfaces<\/strong>\n<ul class=\"ckeditor-css\">\n<li>WAN: 1 \u00d7 1 GbE<\/li>\n<li>LAN: 4 \u00d7 1 GbE<\/li>\n<li>PoE: 1 \u00d7 porta habilitada pata PoE 802.3af<\/li>\n<li>USB: 1 \u00d7 USB 2.0 (para failover 3G\/4G)<\/li>\n<\/ul>\n<\/li>\n<li><strong>Servi\u00e7os de rede e seguran\u00e7a<\/strong>\n<ul class=\"ckeditor-css\">\n<li>Firewall com monitora\u00e7\u00e3o de estado, 1:1 NAT, DMZ<\/li>\n<li>VPN\u2122 autom\u00e1tica VPN de autoconfigura\u00e7\u00e3o de site a site<\/li>\n<li>Cliente VPN (IPSec L2TP), limite de 2 usu\u00e1rios autorizados (apenas com autentica\u00e7\u00e3o em host da Meraki)<\/li>\n<li>Servi\u00e7os de VLAN e DHCP<\/li>\n<li>Autentica\u00e7\u00e3o de porta 802.1x com fio<\/li>\n<li>Roteamento est\u00e1tico<\/li>\n<li>Quarentena de usu\u00e1rios e dispositivos<\/li>\n<\/ul>\n<\/li>\n<li><strong>Acesso sem fio integrado<\/strong>\n<ul class=\"ckeditor-css\">\n<li>4 SSIDs<\/li>\n<li>2 x 802.11a\/b\/g\/n\/ac (2,4 Ghz ou 5 Ghz), 2&#215;2 MU-MIMO com dois fluxos espaciais<\/li>\n<li>Taxa de dados m\u00e1xima de 1,3 Gbit\/s<\/li>\n<li>4 antenas bipolares internas (ganho: 3 dBi a 2,4 GHz, 4 dBi a 5 GHz)<\/li>\n<li>Autentica\u00e7\u00e3o WPA2-PSK<\/li>\n<li>Regulamenta\u00e7\u00e3o: FCC (EUA), IC (Canad\u00e1), C-Tick (Austr\u00e1lia\/Nova Zel\u00e2ndia), RoHS<\/li>\n<\/ul>\n<\/li>\n<li><strong>Monitoramento e relat\u00f3rios<\/strong>\n<ul class=\"ckeditor-css\">\n<li>Produtividade, monitoramento de conectividade e alertas de e-mail<\/li>\n<li>Estat\u00edsticas de utiliza\u00e7\u00e3o hist\u00f3ricas detalhadas por porta e cliente<\/li>\n<li>Estat\u00edsticas de utiliza\u00e7\u00e3o do aplicativo<\/li>\n<li>Logs de altera\u00e7\u00e3o de n\u00edvel organizacional para gerenciamento de altera\u00e7\u00f5es e compatibilidade<\/li>\n<li>Encapsulamento de VPN e monitoramento de lat\u00eancia<\/li>\n<li>Descoberta de recurso de rede e identifica\u00e7\u00e3o de usu\u00e1rio<\/li>\n<li>E-mails peri\u00f3dicos com m\u00e9tricas-chave de utiliza\u00e7\u00e3o<\/li>\n<li>Integra\u00e7\u00e3o de Syslog<\/li>\n<\/ul>\n<\/li>\n<li><strong>Diagn\u00f3stico remoto<\/strong>\n<ul class=\"ckeditor-css\">\n<li>Captura de pacote remoto ao vivo<\/li>\n<li>Diagn\u00f3stico em tempo real e ferramentas de solu\u00e7\u00e3o de problemas na web<\/li>\n<li>Logs de eventos agregados com pesquisa instant\u00e2nea<\/li>\n<\/ul>\n<\/li>\n<li><strong>Gerenciamento de desempenho de WAN<\/strong>\n<ul class=\"ckeditor-css\">\n<li>Failover autom\u00e1tico de camada 3 (incluindo conex\u00f5es VPN)<\/li>\n<li>An\u00e1lise e forma\u00e7\u00e3o de tr\u00e1fego de n\u00edvel de aplicativo (camada 7)<\/li>\n<\/ul>\n<\/li>\n<\/ul>\n<ul class=\"ckeditor-css\">\n<li><strong>Gerenciamento<\/strong>\n<ul class=\"ckeditor-css\">\n<li>Gerenciado atrav\u00e9s da Web com o painel da Meraki<\/li>\n<li>Gerenciamento de redes com e sem fio em um \u00fanico painel<\/li>\n<li>Implanta\u00e7\u00e3o remota sem toque (sem preparo)<\/li>\n<li>Atualiza\u00e7\u00f5es autom\u00e1ticas de firmware e patches de seguran\u00e7a<\/li>\n<li>Gerenciamento centralizado de pol\u00edticas<\/li>\n<li>Autentica\u00e7\u00e3o de dois fatores de n\u00edvel organizacional e logon \u00fanico<\/li>\n<li>Administra\u00e7\u00e3o de acordo com a fun\u00e7\u00e3o, com registro em log e alertas<\/li>\n<\/ul>\n<\/li>\n<li><strong>Desempenho<\/strong>\n<ul class=\"ckeditor-css\">\n<li>Taxa de transmiss\u00e3o do firewall stateful: 100 Mbps<\/li>\n<li>Produtividade de VPN &#8211; 50 Mbps<\/li>\n<li>Recomendado para funcion\u00e1rio remoto (at\u00e9 5 clientes)<\/li>\n<\/ul>\n<\/li>\n<li><strong>Especifica\u00e7\u00f5es f\u00edsicas e ambientais<\/strong>\n<ul class=\"ckeditor-css\">\n<li>Dimens\u00f5es: 173,4 mm \u00d7 112 mm \u00d7 26,3 mm (6,83 &#8220;\u00d7 4,41&#8221; \u00d7 1,04 &#8220;)<\/li>\n<li>Peso: 0,386 kg (0,85 lbs)<\/li>\n<li>Alimenta\u00e7\u00e3o: fonte de alimenta\u00e7\u00e3o \u00fanica inclu\u00edda de 50 W (54 V\/0,9 A), cabo de energia vendido separadamente<\/li>\n<li>Temperatura operacional: 0\u00b0C a 40\u00b0C (32\u00b0F a 104\u00b0F)<\/li>\n<li>Umidade: 5% a 95% sem condensa\u00e7\u00e3o<\/li>\n<li>Montagem de mesa ou parede (todo o hardware de montagem padr\u00e3o inclu\u00eddo)<\/li>\n<li>Fixador do cadeado Kensington<\/li>\n<\/ul>\n<\/li>\n<li><strong>Regulat\u00f3rio<\/strong>\n<ul class=\"ckeditor-css\">\n<li>FCC (EUA)<\/li>\n<li>CB (IEC)<\/li>\n<li>CISPR (Austr\u00e1lia\/Nova Zel\u00e2ndia)<\/li>\n<\/ul>\n<\/li>\n<li><strong>Garantia<\/strong>\n<ul class=\"ckeditor-css\">\n<li>Garantia vital\u00edcia completa inclu\u00edda, com substitui\u00e7\u00e3o avan\u00e7ada no dia seguinte<\/li>\n<\/ul>\n<\/li>\n<li><strong>Informa\u00e7\u00f5es sobre pedidos<\/strong>\n<ul class=\"ckeditor-css\">\n<li>Dispon\u00edvel apenas com licen\u00e7a empresarial<\/li>\n<\/ul>\n<\/li>\n<\/ul>\n<style type=\"text\/css\"><!--td {border: 1px solid #ccc;}br {mso-data-placement:same-cell;}--><br \/><\/style>\n","protected":false},"excerpt":{"rendered":"<p>Interfaces WAN: 1 \u00d7 1 GbE LAN: 4 \u00d7 1 GbE PoE: 1 \u00d7 porta habilitada pata PoE 802.3af USB: 1 \u00d7 USB 2.0 (para failover 3G\/4G) Servi\u00e7os de rede<\/p>\n","protected":false},"featured_media":26332,"comment_status":"open","ping_status":"closed","template":"","meta":[],"product_cat":[471],"product_tag":[],"class_list":{"0":"post-24826","1":"product","2":"type-product","3":"status-publish","4":"has-post-thumbnail","6":"product_cat-mx-security-and-sd-wan","8":"first","9":"instock","10":"featured","11":"shipping-taxable","12":"purchasable","13":"product-type-simple"},"acf":[],"_links":{"self":[{"href":"https:\/\/loja.iprojectti.com.br\/index.php?rest_route=\/wp\/v2\/product\/24826","targetHints":{"allow":["GET"]}}],"collection":[{"href":"https:\/\/loja.iprojectti.com.br\/index.php?rest_route=\/wp\/v2\/product"}],"about":[{"href":"https:\/\/loja.iprojectti.com.br\/index.php?rest_route=\/wp\/v2\/types\/product"}],"replies":[{"embeddable":true,"href":"https:\/\/loja.iprojectti.com.br\/index.php?rest_route=%2Fwp%2Fv2%2Fcomments&post=24826"}],"wp:featuredmedia":[{"embeddable":true,"href":"https:\/\/loja.iprojectti.com.br\/index.php?rest_route=\/wp\/v2\/media\/26332"}],"wp:attachment":[{"href":"https:\/\/loja.iprojectti.com.br\/index.php?rest_route=%2Fwp%2Fv2%2Fmedia&parent=24826"}],"wp:term":[{"taxonomy":"product_cat","embeddable":true,"href":"https:\/\/loja.iprojectti.com.br\/index.php?rest_route=%2Fwp%2Fv2%2Fproduct_cat&post=24826"},{"taxonomy":"product_tag","embeddable":true,"href":"https:\/\/loja.iprojectti.com.br\/index.php?rest_route=%2Fwp%2Fv2%2Fproduct_tag&post=24826"}],"curies":[{"name":"wp","href":"https:\/\/api.w.org\/{rel}","templated":true}]}}