{"id":24825,"date":"2022-02-02T11:10:13","date_gmt":"2022-02-02T14:10:13","guid":{"rendered":"https:\/\/loja.iprojectti.com.br\/?product=meraki-wide-angle-mv12-mini-dome-hd-camera-256gb-storage"},"modified":"2022-03-03T16:39:19","modified_gmt":"2022-03-03T19:39:19","slug":"meraki-wide-angle-mv12-mini-dome-hd-camera-256gb-storage","status":"publish","type":"product","link":"https:\/\/loja.iprojectti.com.br\/?product=meraki-wide-angle-mv12-mini-dome-hd-camera-256gb-storage","title":{"rendered":"Meraki Wide Angle MV12 Mini Dome HD Camera &#8211; 256GB Storage"},"content":{"rendered":"<ul class=\"ckeditor-css\">\n<li><strong>C\u00e2mera<\/strong>\n<ul class=\"ckeditor-css\">\n<li>Sensor de imagem CMOS progressivo de 1\/3\u201d e 4 MP (2688&#215;1520)<\/li>\n<li>Armazenamento de 256 GB em unidades de estado s\u00f3lido com tecnologia High Endurance<\/li>\n<li>3,8 mm de dist\u00e2ncia focal<\/li>\n<li>f\/1,8 de abertura m\u00ednima<\/li>\n<li>Campo de vis\u00e3o:\n<ul class=\"ckeditor-css\">\n<li>73\u00b0 na horizontal<\/li>\n<li>44\u00b0 na vertical<\/li>\n<li>86\u00b0 de diagonal<\/li>\n<\/ul>\n<\/li>\n<li>Velocidade do obturador de 1\/32.000s a 1\/30s<\/li>\n<li>Ilumina\u00e7\u00e3o m\u00ednima de 0,18 Lux (grava\u00e7\u00e3o padr\u00e3o) e 0,01 Lux (modo noturno)<\/li>\n<li>Rela\u00e7\u00e3o S\/N 52,9 dB<\/li>\n<li>Iluminadores infravermelhos integrados, com efic\u00e1cia at\u00e9 15 metros (49 p\u00e9s)<\/li>\n<\/ul>\n<\/li>\n<li><strong>V\u00eddeo<\/strong>\n<ul class=\"ckeditor-css\">\n<li>Grava\u00e7\u00e3o de v\u00eddeo em HD 1080p (1920&#215;1080) com codifica\u00e7\u00e3o H.264<\/li>\n<li>Armazenamento de borda potencializado pela nuvem (v\u00eddeos na borda, metadados na nuvem)<\/li>\n<li>Streaming de v\u00eddeo ao vivo sem software cliente (reprodu\u00e7\u00e3o nativa em navegador)**<\/li>\n<li>Transmita v\u00eddeo em qualquer lugar com o proxy autom\u00e1tico na nuvem<\/li>\n<li>Grava\u00e7\u00e3o de \u00e1udio compat\u00edvel com microfone integrado<\/li>\n<\/ul>\n<\/li>\n<li><strong>Seguran\u00e7a de dados<\/strong>\n<ul class=\"ckeditor-css\">\n<li>Criptografia de disco completa (256 bits)<\/li>\n<li>Certificados TLS comprados e provisionados automaticamente (assinados publicamente)<\/li>\n<\/ul>\n<\/li>\n<li><strong>Rede<\/strong>\n<ul class=\"ckeditor-css\">\n<li>1 10\/100\/1000 Base-T Ethernet (RJ45)<\/li>\n<li>WLAN 802.11 a\/b\/g\/n\/ac de banda dupla<\/li>\n<li>Marca\u00e7\u00e3o de tr\u00e1fego DSCP<\/li>\n<\/ul>\n<\/li>\n<li><strong>Recursos<\/strong>\n<ul class=\"ckeditor-css\">\n<li>Gerenciamento em nuvem e integra\u00e7\u00e3o total com o painel da Meraki<\/li>\n<li>Implanta\u00e7\u00e3o plug-and-play com configura\u00e7\u00e3o autom\u00e1tica<\/li>\n<li>Ajuste remoto de foco, zoom e abertura<\/li>\n<li>Transi\u00e7\u00e3o din\u00e2mica de dia para noite com ilumina\u00e7\u00e3o infravermelha<\/li>\n<li>Mecanismo de indexa\u00e7\u00e3o por movimento com otimiza\u00e7\u00e3o de ru\u00eddo e pesquisa de hist\u00f3rico<\/li>\n<li>Video wall compartilhado com layouts individuais e suporte para v\u00e1rias c\u00e2meras<\/li>\n<li>Recurso de exporta\u00e7\u00e3o seletiva com proxy na nuvem<\/li>\n<li>Processamento de v\u00eddeo integrado para detec\u00e7\u00e3o de objetos com aprendizado de m\u00e1quina<\/li>\n<li>Reten\u00e7\u00e3o com base em movimento e agendamento para reten\u00e7\u00e3o personalizada<\/li>\n<li>Permiss\u00f5es de usu\u00e1rio altamente granulares para exportar, revisar e visualizar, com integra\u00e7\u00e3o \u00e0 SAML<\/li>\n<\/ul>\n<\/li>\n<\/ul>\n<ul class=\"ckeditor-css\">\n<li><strong>Alimenta\u00e7\u00e3o<\/strong>\n<ul class=\"ckeditor-css\">\n<li>Consumo de energia: m\u00e1ximo de 12,95W por PoE 802.3af<\/li>\n<\/ul>\n<\/li>\n<li><strong>Ambiente<\/strong>\n<ul class=\"ckeditor-css\">\n<li>Temperatura de trabalho: 0\u00b0C a 40\u00b0C (32\u00b0F a 104\u00b0F)<\/li>\n<\/ul>\n<\/li>\n<li><strong>Na caixa<\/strong>\n<ul class=\"ckeditor-css\">\n<li>Guia de instala\u00e7\u00e3o e in\u00edcio r\u00e1pido<\/li>\n<li>Hardware da c\u00e2mera MV<\/li>\n<li>Kit de montagem na parede<\/li>\n<\/ul>\n<\/li>\n<li><strong>Caracter\u00edsticas f\u00edsicas<\/strong>\n<ul class=\"ckeditor-css\">\n<li>Dimens\u00f5es: 106 mm x 74 mm (di\u00e2metro x altura)<\/li>\n<li>Lentes fixas<\/li>\n<li>Peso: 286 g<\/li>\n<li>Conector RJ45 Ethernet f\u00eamea<\/li>\n<li>LED de status<\/li>\n<li>Bot\u00e3o Redefinir<\/li>\n<\/ul>\n<\/li>\n<li><strong>Garantia<\/strong>\n<ul class=\"ckeditor-css\">\n<li>Garantia de pe\u00e7as de 5 ano com substitui\u00e7\u00e3o avan\u00e7ada<\/li>\n<\/ul>\n<\/li>\n<li><strong>Informa\u00e7\u00f5es sobre pedidos<\/strong>\n<ul class=\"ckeditor-css\">\n<li>MV12N-HW: C\u00e2mera Meraki MV12 mini dome com \u00e2ngulo estreito de 256 GB<\/li>\n<li>LIC-MV-XYR: Licen\u00e7a empresarial da Meraki (x = 1, 3, 5, 7, 10 anos)<\/li>\n<li>MA-INJ-4-XX: injetor Power over Ethernet 802.3at da Meraki (XX = EUA, UE, Reino Unido ou Austr\u00e1lia)<\/li>\n<\/ul>\n<\/li>\n<\/ul>\n<p class=\"ckeditor-css\"><strong>Observa\u00e7\u00e3o: cada c\u00e2mera requer uma licen\u00e7a para operar.<\/strong><\/p>\n<p class=\"ckeditor-css\">\n<p class=\"ckeditor-css\"><strong>** O navegador deve ser compat\u00edvel com a decodifica\u00e7\u00e3o H.264.<\/strong><\/p>\n","protected":false},"excerpt":{"rendered":"<p>C\u00e2mera Sensor de imagem CMOS progressivo de 1\/3\u201d e 4 MP (2688&#215;1520) Armazenamento de 256 GB em unidades de estado s\u00f3lido com tecnologia High Endurance 3,8 mm de dist\u00e2ncia focal<\/p>\n","protected":false},"featured_media":26339,"comment_status":"open","ping_status":"closed","template":"","meta":[],"product_cat":[467],"product_tag":[],"class_list":{"0":"post-24825","1":"product","2":"type-product","3":"status-publish","4":"has-post-thumbnail","6":"product_cat-mv-cameras-inteligentes","8":"first","9":"instock","10":"shipping-taxable","11":"purchasable","12":"product-type-simple"},"acf":[],"_links":{"self":[{"href":"https:\/\/loja.iprojectti.com.br\/index.php?rest_route=\/wp\/v2\/product\/24825","targetHints":{"allow":["GET"]}}],"collection":[{"href":"https:\/\/loja.iprojectti.com.br\/index.php?rest_route=\/wp\/v2\/product"}],"about":[{"href":"https:\/\/loja.iprojectti.com.br\/index.php?rest_route=\/wp\/v2\/types\/product"}],"replies":[{"embeddable":true,"href":"https:\/\/loja.iprojectti.com.br\/index.php?rest_route=%2Fwp%2Fv2%2Fcomments&post=24825"}],"wp:featuredmedia":[{"embeddable":true,"href":"https:\/\/loja.iprojectti.com.br\/index.php?rest_route=\/wp\/v2\/media\/26339"}],"wp:attachment":[{"href":"https:\/\/loja.iprojectti.com.br\/index.php?rest_route=%2Fwp%2Fv2%2Fmedia&parent=24825"}],"wp:term":[{"taxonomy":"product_cat","embeddable":true,"href":"https:\/\/loja.iprojectti.com.br\/index.php?rest_route=%2Fwp%2Fv2%2Fproduct_cat&post=24825"},{"taxonomy":"product_tag","embeddable":true,"href":"https:\/\/loja.iprojectti.com.br\/index.php?rest_route=%2Fwp%2Fv2%2Fproduct_tag&post=24825"}],"curies":[{"name":"wp","href":"https:\/\/api.w.org\/{rel}","templated":true}]}}