{"id":24822,"date":"2022-02-02T11:10:12","date_gmt":"2022-02-02T14:10:12","guid":{"rendered":"https:\/\/loja.iprojectti.com.br\/?product=meraki-varifocal-mv22-indoor-hd-dome-camera-512gb-storage"},"modified":"2022-03-03T16:38:09","modified_gmt":"2022-03-03T19:38:09","slug":"meraki-varifocal-mv22-indoor-hd-dome-camera-512gb-storage","status":"publish","type":"product","link":"https:\/\/loja.iprojectti.com.br\/?product=meraki-varifocal-mv22-indoor-hd-dome-camera-512gb-storage","title":{"rendered":"Meraki Varifocal MV22 Indoor HD Dome Camera &#8211; 512GB Storage"},"content":{"rendered":"<ul class=\"ckeditor-css\">\n<li><strong>C\u00e2mera<\/strong>\n<ul class=\"ckeditor-css\">\n<li>Sensor de imagem CMOS progressivo de 1\/3\u201d e 4 MP (2688&#215;1520)<\/li>\n<li>Armazenamento de 256 GB em unidades de estado s\u00f3lido com tecnologia High Endurance<\/li>\n<li>Dist\u00e2ncia focal de 3 a 9 mm<\/li>\n<li>Abertura de f\/1.2-2.3<\/li>\n<li>Campo de vis\u00e3o:\n<ul class=\"ckeditor-css\">\n<li>Horizontal 36\u00b0 a 112\u00b0<\/li>\n<li>Vertical 20\u00b0 a 57\u00b0<\/li>\n<li>Diagonal de 42\u00b0 a 138\u00b0<\/li>\n<\/ul>\n<\/li>\n<li><strong>Faixa de ajuste da lente:<\/strong>\n<ul class=\"ckeditor-css\">\n<li>Inclina\u00e7\u00e3o: 65\u00b0<\/li>\n<li>Rota\u00e7\u00e3o: +\/- 90\u00b0<\/li>\n<li>Rota\u00e7\u00e3o horizontal: 354\u00b0<\/li>\n<\/ul>\n<\/li>\n<li>Velocidade do obturador de 1\/30 s a 1\/32.000 s<\/li>\n<li>Ilumina\u00e7\u00e3o m\u00ednima de 0,18 Lux (grava\u00e7\u00e3o padr\u00e3o) e 0,01 Lux (modo noturno)<\/li>\n<li>Iluminadores infravermelhos integrados, eficientes at\u00e9 30 metros (98 p\u00e9s)<\/li>\n<\/ul>\n<\/li>\n<li><strong>V\u00eddeo<\/strong>\n<ul class=\"ckeditor-css\">\n<li>Grava\u00e7\u00e3o de v\u00eddeo em HD 1080p (1920&#215;1080) com codifica\u00e7\u00e3o H.264, at\u00e9 20 fps<\/li>\n<li>Armazenamento de borda potencializado pela nuvem (v\u00eddeo localmente armazenado com metadados na nuvem)<\/li>\n<li>Configura\u00e7\u00f5es de armazenamento otimizada (com agendamento e baseado em movimento) para armazenamento vari\u00e1vel<\/li>\n<li>At\u00e9 40 dias de armazenamento de v\u00eddeo cont\u00ednuo por c\u00e2mera, 24 horas por dia, 7 dias por semana*<\/li>\n<li>Streaming de v\u00eddeo ao vivo sem software cliente (reprodu\u00e7\u00e3o nativa em navegador)**<\/li>\n<li>Transmita v\u00eddeo em qualquer lugar com o proxy autom\u00e1tico na nuvem<\/li>\n<li>Alta faixa din\u00e2mica (HDR)<\/li>\n<li>Grava\u00e7\u00e3o de \u00e1udio compat\u00edvel com microfone integrado<\/li>\n<\/ul>\n<\/li>\n<li><strong>Seguran\u00e7a de dados<\/strong>\n<ul class=\"ckeditor-css\">\n<li>Criptografia de disco completa (AES de 256 bits)<\/li>\n<li>Certificados TLS comprados e provisionados automaticamente (assinados publicamente)<\/li>\n<li>Gerenciamento de criptografia e autentica\u00e7\u00e3o de dois fatores<\/li>\n<\/ul>\n<\/li>\n<li><strong>Rede<\/strong>\n<ul class=\"ckeditor-css\">\n<li>1\u00d7 10\/100\/1000 Base-T Ethernet (RJ45)<\/li>\n<li>WLAN de faixa dupla com diversidade de antena, suporte a 2,4 GHz e 5GHz<\/li>\n<li>802.11 a\/b\/g\/n\/ac<\/li>\n<li>Marca\u00e7\u00e3o de tr\u00e1fego DSCP<\/li>\n<\/ul>\n<\/li>\n<li><strong>Alimenta\u00e7\u00e3o<\/strong>\n<ul class=\"ckeditor-css\">\n<li>Consumo de energia: m\u00e1ximo de 12,95W por PoE 802.3af<\/li>\n<\/ul>\n<\/li>\n<li><strong>Recursos<\/strong>\n<ul class=\"ckeditor-css\">\n<li>Gerenciamento em nuvem e integra\u00e7\u00e3o total com o painel da Meraki<\/li>\n<li>Implanta\u00e7\u00e3o plug-and-play com configura\u00e7\u00e3o autom\u00e1tica<\/li>\n<li>Transi\u00e7\u00e3o din\u00e2mica de dia para noite com ilumina\u00e7\u00e3o infravermelha<\/li>\n<li>Mecanismo de indexa\u00e7\u00e3o por movimento com otimiza\u00e7\u00e3o de ru\u00eddo e pesquisa de hist\u00f3rico<\/li>\n<li>Video wall compartilhado com layouts individuais e suporte para v\u00e1rias c\u00e2meras<\/li>\n<li>Recurso de exporta\u00e7\u00e3o seletiva com proxy na nuvem (e carimbos com marca d&#8217;\u00e1gua)<\/li>\n<li>Permiss\u00f5es de usu\u00e1rio granulares para exportar, revisar e visualizar, com integra\u00e7\u00e3o \u00e0 SAML<\/li>\n<li>Mapas de calor por movimento para vis\u00e3o geral relativa a cada hora ou dia<\/li>\n<li>Alertas de movimento<\/li>\n<\/ul>\n<\/li>\n<li><strong>Sem fio<\/strong>\n<ul class=\"ckeditor-css\">\n<li>R\u00e1dio 802.11b\/g\/n de 2,4 GHz<\/li>\n<li>R\u00e1dio 802.11a\/n\/ac 5 GHs<\/li>\n<li>Faixas de frequ\u00eancia compat\u00edveis (aplicam-se as restri\u00e7\u00f5es espec\u00edficas do pa\u00eds):\n<ul class=\"ckeditor-css\">\n<li>2,412 &#8211; 2,484 GHz<\/li>\n<li>5,150 &#8211; 5,250 GHz (UNII-1)<\/li>\n<li>5,250 &#8211; 5,350 GHz (UNII-2)<\/li>\n<li>5,470 &#8211; 5,600, 5,660 &#8211; 5,725 GHz (UNII-2e)<\/li>\n<li>5,725 &#8211; 5,825 GHz (UNII-3)<\/li>\n<\/ul>\n<\/li>\n<\/ul>\n<\/li>\n<\/ul>\n<ul class=\"ckeditor-css\">\n<li><strong>Recursos do 802.11ac e 802.11n<\/strong>\n<ul class=\"ckeditor-css\">\n<li>1 \u00d7 1 com um fluxo espacial<\/li>\n<li>Compat\u00edvel com MU-MIMO\n<ul class=\"ckeditor-css\">\n<li>Canais de 20 e 40 MHz (802.11n)<\/li>\n<li>Canais de 20, 40 e 80 MHz (802.11ac)<\/li>\n<\/ul>\n<\/li>\n<li>At\u00e9 256 QAM nas bandas de 2,4 GHz e 5 GHz<\/li>\n<\/ul>\n<\/li>\n<li><strong>Antena<\/strong>\n<ul class=\"ckeditor-css\">\n<li>Antenas omnidirecionais integradas (ganho de 4,4 dBi em 2,4 GHz, ganho de 6,3 dBi em 5 GHz)<\/li>\n<\/ul>\n<\/li>\n<li><strong>Seguran\u00e7a<\/strong>\n<ul class=\"ckeditor-css\">\n<li>WPA, WPA2-PSK, WPA2-Enterprise com 802.1X<\/li>\n<li>EAP-TTLS<\/li>\n<li>Criptografia TKIP e AES<\/li>\n<\/ul>\n<\/li>\n<li><strong>Ambiente<\/strong>\n<ul class=\"ckeditor-css\">\n<li>Temperatura: 0\u00b0C a 45\u00b0C (32\u00b0F a 113\u00b0F)<\/li>\n<\/ul>\n<\/li>\n<li><strong>Na caixa<\/strong>\n<ul class=\"ckeditor-css\">\n<li>Guia de instala\u00e7\u00e3o e in\u00edcio r\u00e1pido<\/li>\n<li>Hardware da c\u00e2mera MV<\/li>\n<li>Kit de montagem na parede<\/li>\n<li>Placa do adaptador da caixa de jun\u00e7\u00e3o<\/li>\n<\/ul>\n<\/li>\n<li><strong>Caracter\u00edsticas f\u00edsicas<\/strong>\n<ul class=\"ckeditor-css\">\n<li>Dimens\u00f5es 149 mm x 97 mm (di\u00e2metro x altura)<\/li>\n<li>Lentes varifocais (zoom \u00f3ptico de at\u00e9 3x)<\/li>\n<li>Peso sem placa de montagem: 706 g<\/li>\n<li>Peso com placa de montagem: 842 g<\/li>\n<li>Conector RJ45 Ethernet f\u00eamea<\/li>\n<li>LED de status de v\u00e1rias cores e v\u00e1rias fun\u00e7\u00f5es<\/li>\n<li>Bot\u00e3o Reiniciar<\/li>\n<\/ul>\n<\/li>\n<li><strong>Classifica\u00e7\u00f5es<\/strong>\n<ul class=\"ckeditor-css\">\n<li>Resist\u00eancia a vandalismo IK08<\/li>\n<\/ul>\n<\/li>\n<li><strong>Garantia<\/strong>\n<ul class=\"ckeditor-css\">\n<li>Garantia de pe\u00e7as de 5 anos com substitui\u00e7\u00e3o avan\u00e7ada<\/li>\n<\/ul>\n<\/li>\n<li><strong>Informa\u00e7\u00f5es sobre pedidos<\/strong>\n<ul class=\"ckeditor-css\">\n<li>MV22-HW: c\u00e2mera Dome HD interna de foco vari\u00e1vel MV22 com armazenamento de 256 GB<\/li>\n<li>LIC-MV-XYR: Licen\u00e7a empresarial da Meraki (x = 1, 3, 5, 7, 10 anos)<\/li>\n<li>MA-INJ-4-XX: injetor Power over Ethernet 802.3at da Meraki (XX = EUA, UE, Reino Unido ou Austr\u00e1lia)<\/li>\n<li>MA-PWR-MV-LV: injetor de PoE de entrada 12 VCC\/24 VCA de baixa tens\u00e3o para c\u00e2meras MV (conversor coaxial)<\/li>\n<\/ul>\n<\/li>\n<\/ul>\n<style type=\"text\/css\"><!--td {border: 1px solid #ccc;}br {mso-data-placement:same-cell;}--><br \/>\n<\/style>\n<style type=\"text\/css\"><!--td {border: 1px solid #ccc;}br {mso-data-placement:same-cell;}--><br \/>\n<\/style>\n","protected":false},"excerpt":{"rendered":"<p>C\u00e2mera Sensor de imagem CMOS progressivo de 1\/3\u201d e 4 MP (2688&#215;1520) Armazenamento de 256 GB em unidades de estado s\u00f3lido com tecnologia High Endurance Dist\u00e2ncia focal de 3 a<\/p>\n","protected":false},"featured_media":26348,"comment_status":"open","ping_status":"closed","template":"","meta":[],"product_cat":[467],"product_tag":[],"class_list":{"0":"post-24822","1":"product","2":"type-product","3":"status-publish","4":"has-post-thumbnail","6":"product_cat-mv-cameras-inteligentes","8":"first","9":"instock","10":"shipping-taxable","11":"purchasable","12":"product-type-simple"},"acf":[],"_links":{"self":[{"href":"https:\/\/loja.iprojectti.com.br\/index.php?rest_route=\/wp\/v2\/product\/24822","targetHints":{"allow":["GET"]}}],"collection":[{"href":"https:\/\/loja.iprojectti.com.br\/index.php?rest_route=\/wp\/v2\/product"}],"about":[{"href":"https:\/\/loja.iprojectti.com.br\/index.php?rest_route=\/wp\/v2\/types\/product"}],"replies":[{"embeddable":true,"href":"https:\/\/loja.iprojectti.com.br\/index.php?rest_route=%2Fwp%2Fv2%2Fcomments&post=24822"}],"wp:featuredmedia":[{"embeddable":true,"href":"https:\/\/loja.iprojectti.com.br\/index.php?rest_route=\/wp\/v2\/media\/26348"}],"wp:attachment":[{"href":"https:\/\/loja.iprojectti.com.br\/index.php?rest_route=%2Fwp%2Fv2%2Fmedia&parent=24822"}],"wp:term":[{"taxonomy":"product_cat","embeddable":true,"href":"https:\/\/loja.iprojectti.com.br\/index.php?rest_route=%2Fwp%2Fv2%2Fproduct_cat&post=24822"},{"taxonomy":"product_tag","embeddable":true,"href":"https:\/\/loja.iprojectti.com.br\/index.php?rest_route=%2Fwp%2Fv2%2Fproduct_tag&post=24822"}],"curies":[{"name":"wp","href":"https:\/\/api.w.org\/{rel}","templated":true}]}}