{"id":24815,"date":"2022-02-02T11:10:10","date_gmt":"2022-02-02T14:10:10","guid":{"rendered":"https:\/\/loja.iprojectti.com.br\/?product=meraki-mx64w-router-security-appliance-with-802-11ac"},"modified":"2022-03-03T16:44:15","modified_gmt":"2022-03-03T19:44:15","slug":"meraki-mx64w-router-security-appliance-with-802-11ac","status":"publish","type":"product","link":"https:\/\/loja.iprojectti.com.br\/?product=meraki-mx64w-router-security-appliance-with-802-11ac","title":{"rendered":"Meraki MX64W Router\/Security Appliance with 802.11ac"},"content":{"rendered":"<ul class=\"ckeditor-css\">\n<li><strong>Servi\u00e7os de rede e seguran\u00e7a<\/strong>\n<ul class=\"ckeditor-css\">\n<li>Firewall stateful, NAT 1: 1, DHCP, DMZ, roteamento est\u00e1tico<\/li>\n<li>Pol\u00edticas de acordo com a identidade<\/li>\n<li>VPN\u2122 autom\u00e1tica VPN de autoconfigura\u00e7\u00e3o de site a site<\/li>\n<li>VPN cliente (IPsec)<\/li>\n<li>Quarentena de usu\u00e1rios e dispositivos<\/li>\n<li>Suporte a VLAN e servi\u00e7os DHCP<\/li>\n<\/ul>\n<\/li>\n<li><strong>Servi\u00e7os de seguran\u00e7a avan\u00e7ada<\/strong>\n<ul class=\"ckeditor-css\">\n<li>Filtragem de conte\u00fado (bando de dados de URL compat\u00edvel com Webroot BrightCloud CIPA)<\/li>\n<li>Filtragem de pesquisa da Web (inclusive Google e Bing SafeSearch)<\/li>\n<li>YouTube para escolas<\/li>\n<li>Preven\u00e7\u00e3o de viola\u00e7\u00e3o (<a href=\"http:\/\/www.sourcefire.com\/security-technologies\/open-source\/snort\">com base em\u00a0<\/a>Sourcefire Snort)<\/li>\n<li>Cisco Advanced Malware Protection (AMP)<\/li>\n<li>Requer licen\u00e7a de seguran\u00e7a avan\u00e7ada<\/li>\n<\/ul>\n<\/li>\n<li><strong>Gerenciamento de desempenho de WAN<\/strong>\n<ul class=\"ckeditor-css\">\n<li>Agrega\u00e7\u00e3o de link de WAN<\/li>\n<li>An\u00e1lise e forma\u00e7\u00e3o de tr\u00e1fego de n\u00edvel de aplicativo (camada 7)<\/li>\n<li>Failover autom\u00e1tico de camada 3 (incluindo conex\u00f5es VPN)<\/li>\n<li>Sele\u00e7\u00e3o de uplink de WAN com base no tipo de tr\u00e1fego<\/li>\n<\/ul>\n<\/li>\n<\/ul>\n<ul class=\"ckeditor-css\">\n<li><strong>Monitoramento e gerenciamento<\/strong>\n<ul class=\"ckeditor-css\">\n<li>Gerenciamento e configura\u00e7\u00e3o baseados na Web<\/li>\n<li>Taxa de transfer\u00eancia, monitoramento de conectividade e alertas de e-mail<\/li>\n<li>Descoberta de recurso de rede e identifica\u00e7\u00e3o de usu\u00e1rio<\/li>\n<li>Relat\u00f3rio, monitoramento e alertas integrados em toda a rede<\/li>\n<li>Gerenciamento centralizado de pol\u00edticas<\/li>\n<li>Diagn\u00f3stico em tempo real e ferramentas de solu\u00e7\u00e3o de problemas na web<\/li>\n<li>Atualiza\u00e7\u00f5es autom\u00e1ticas de firmware e patches de seguran\u00e7a<\/li>\n<li>Logs de eventos pesquis\u00e1veis em toda a rede<\/li>\n<\/ul>\n<\/li>\n<li><strong>Interfaces<\/strong>\n<ul class=\"ckeditor-css\">\n<li>WAN: 1 \u00d7 1 GbE<\/li>\n<li>LAN: 4 \u00d7 1 GbE (1 opcional dispon\u00edvel para conectividade WAN)<\/li>\n<li>Sem fio: 802.11ac WiFi<\/li>\n<li>USB: 1 \u00d7 USB 2.0 para failover de 3G\/4G (<a href=\"https:\/\/documentation.meraki.com\/MX\/Cellular\/3G%2F%2F4G_Cellular_Failover_with_USB_Modems\">dispositivos compat\u00edveis<\/a>)<\/li>\n<\/ul>\n<\/li>\n<li><strong>Desempenho<\/strong>\n<ul class=\"ckeditor-css\">\n<li>Taxa de transmiss\u00e3o do firewall stateful: 250 Mbps<\/li>\n<li>Produtividade de VPN: 100 Mbps<\/li>\n<li>Recomendado para filiais pequenas (at\u00e9 50 usu\u00e1rios)<\/li>\n<\/ul>\n<\/li>\n<li><strong>Alimenta\u00e7\u00e3o<\/strong>\n<ul class=\"ckeditor-css\">\n<li>Fonte de alimenta\u00e7\u00e3o \u00fanica de 18 W<\/li>\n<\/ul>\n<\/li>\n<li><strong>Ambiente<\/strong>\n<ul class=\"ckeditor-css\">\n<li>Temperatura operacional: 0\u00b0C a 40\u00b0C (32\u00b0F a 104\u00b0F)<\/li>\n<li>Umidade: 5% a 95% sem condensa\u00e7\u00e3o<\/li>\n<\/ul>\n<\/li>\n<li><strong>Garantia<\/strong>\n<ul class=\"ckeditor-css\">\n<li>Garantia de pe\u00e7as vital\u00edcia com substitui\u00e7\u00e3o avan\u00e7ada inclu\u00edda<\/li>\n<\/ul>\n<\/li>\n<\/ul>\n<style type=\"text\/css\"><!--td {border: 1px solid #ccc;}br {mso-data-placement:same-cell;}--><br \/>\n<\/style>\n","protected":false},"excerpt":{"rendered":"<p>Servi\u00e7os de rede e seguran\u00e7a Firewall stateful, NAT 1: 1, DHCP, DMZ, roteamento est\u00e1tico Pol\u00edticas de acordo com a identidade VPN\u2122 autom\u00e1tica VPN de autoconfigura\u00e7\u00e3o de site a site VPN<\/p>\n","protected":false},"featured_media":26286,"comment_status":"open","ping_status":"closed","template":"","meta":[],"product_cat":[471],"product_tag":[],"class_list":{"0":"post-24815","1":"product","2":"type-product","3":"status-publish","4":"has-post-thumbnail","6":"product_cat-mx-security-and-sd-wan","8":"first","9":"instock","10":"shipping-taxable","11":"purchasable","12":"product-type-simple"},"acf":[],"_links":{"self":[{"href":"https:\/\/loja.iprojectti.com.br\/index.php?rest_route=\/wp\/v2\/product\/24815","targetHints":{"allow":["GET"]}}],"collection":[{"href":"https:\/\/loja.iprojectti.com.br\/index.php?rest_route=\/wp\/v2\/product"}],"about":[{"href":"https:\/\/loja.iprojectti.com.br\/index.php?rest_route=\/wp\/v2\/types\/product"}],"replies":[{"embeddable":true,"href":"https:\/\/loja.iprojectti.com.br\/index.php?rest_route=%2Fwp%2Fv2%2Fcomments&post=24815"}],"wp:featuredmedia":[{"embeddable":true,"href":"https:\/\/loja.iprojectti.com.br\/index.php?rest_route=\/wp\/v2\/media\/26286"}],"wp:attachment":[{"href":"https:\/\/loja.iprojectti.com.br\/index.php?rest_route=%2Fwp%2Fv2%2Fmedia&parent=24815"}],"wp:term":[{"taxonomy":"product_cat","embeddable":true,"href":"https:\/\/loja.iprojectti.com.br\/index.php?rest_route=%2Fwp%2Fv2%2Fproduct_cat&post=24815"},{"taxonomy":"product_tag","embeddable":true,"href":"https:\/\/loja.iprojectti.com.br\/index.php?rest_route=%2Fwp%2Fv2%2Fproduct_tag&post=24815"}],"curies":[{"name":"wp","href":"https:\/\/api.w.org\/{rel}","templated":true}]}}