{"id":24794,"date":"2022-02-02T11:10:04","date_gmt":"2022-02-02T14:10:04","guid":{"rendered":"https:\/\/loja.iprojectti.com.br\/?product=meraki-ms120-24-1g-l2-cloud-managed-24x-gige-switch"},"modified":"2022-03-03T16:14:15","modified_gmt":"2022-03-03T19:14:15","slug":"meraki-ms120-24-1g-l2-cloud-managed-24x-gige-switch","status":"publish","type":"product","link":"https:\/\/loja.iprojectti.com.br\/?product=meraki-ms120-24-1g-l2-cloud-managed-24x-gige-switch","title":{"rendered":"Meraki MS120-24 1G L2 Cloud Managed 24x GigE Switch"},"content":{"rendered":"<ul class=\"ckeditor-css\">\n<li><strong>Interfaces<\/strong>\n<ul class=\"ckeditor-css\">\n<li>24 \u00d7 10\/100\/1000BASE-T Ethernet (RJ45)<\/li>\n<li>4 \u00d7 10G portas SFP para uplinks<\/li>\n<li>Negocia\u00e7\u00e3o autom\u00e1tica de detec\u00e7\u00e3o de cruzamento<\/li>\n<\/ul>\n<\/li>\n<li><strong>Gerenciamento<\/strong>\n<ul class=\"ckeditor-css\">\n<li>Gerenciado pela Web com a plataforma de gerenciamento em nuvem da Meraki<\/li>\n<li>Integra\u00e7\u00e3o com Meraki sem fio e o portf\u00f3lio completo de produtos e solu\u00e7\u00f5es de TI<\/li>\n<li>Provisionamento remoto autom\u00e1tico (sem preparo)<\/li>\n<li>Estat\u00edsticas de utiliza\u00e7\u00e3o hist\u00f3ricas detalhadas por porta e cliente<\/li>\n<li>Identifica\u00e7\u00e3o de sistema operacional, dispositivo e nome de host<\/li>\n<li>Compatibilidade com SNMP e SYSLOG para integra\u00e7\u00e3o com outras solu\u00e7\u00f5es de gerenciamento de rede<\/li>\n<li>Upgrades de firmware autom\u00e1ticos com controle de agendamento<\/li>\n<\/ul>\n<\/li>\n<li><strong>Diagn\u00f3stico remoto<\/strong>\n<ul class=\"ckeditor-css\">\n<li>Alertas de notifica\u00e7\u00e3o de push de e-mail, SMS e celular<\/li>\n<li>Testes de ping, rastreamento de rotas e cabo e detec\u00e7\u00e3o de falhas de link com alertas<\/li>\n<li>Captura de pacote remoto<\/li>\n<li>Topologia e descoberta de rede din\u00e2mica e interativa<\/li>\n<li>Logs de altera\u00e7\u00e3o de evento e configura\u00e7\u00e3o combinados com pesquisa instant\u00e2nea<\/li>\n<\/ul>\n<\/li>\n<li><strong>Empilhamento<\/strong>\n<ul class=\"ckeditor-css\">\n<li>O Virtual Stacking comporta milhares de portas de switch em uma \u00fanica pilha l\u00f3gica para configura\u00e7\u00e3o, monitoramento e gerenciamento unificado<\/li>\n<\/ul>\n<\/li>\n<li><strong>Recursos de switch de Ethernet<\/strong>\n<ul class=\"ckeditor-css\">\n<li>802.1p Quality of Service, 8 filas (com 6 DSCP configur\u00e1veis para mapeamento CoS)<\/li>\n<li>Suporte para entroncamento e VLAN 802.1Q para at\u00e9 4.094 VLANs<\/li>\n<li>Protocolo Rapid Spanning Tree (RSTP, STP) 802.1w, 802.1D<\/li>\n<li>Melhorias de STP: prote\u00e7\u00e3o da BPDU, prote\u00e7\u00e3o de raiz, prote\u00e7\u00e3o de loop, UDLD<\/li>\n<li>Protocolo de descoberta de camada de link (LLDP) 802.1ab e Cisco Discovery Protocol (CDP)<\/li>\n<li>Agrega\u00e7\u00e3o de link 802.3ad com at\u00e9 8 portas por agregado, agregados de multichassi compat\u00edveis em switches empilhados<\/li>\n<li>Espelhamento de portas<\/li>\n<li>Rastreamento IGMP para filtragem multicast<\/li>\n<li>Entradas de encaminhamento MAC: 16K<\/li>\n<\/ul>\n<\/li>\n<li><strong>Seguran\u00e7a<\/strong>\n<ul class=\"ckeditor-css\">\n<li>Autentica\u00e7\u00e3o multifator integrada para a plataforma de gerenciamento em nuvem<\/li>\n<li>Controle de acesso por fun\u00e7\u00e3o (RBAC) com dispositivo granular e controle de configura\u00e7\u00e3o<\/li>\n<li>Aplica\u00e7\u00e3o de pol\u00edtica de senha em toda a empresa<\/li>\n<li>IEEE 802.1X RADIUS e MAB, autentica\u00e7\u00e3o h\u00edbrida e testes de servidor RADIUS<\/li>\n<li>Host \u00fanico\/v\u00e1rios dom\u00ednios\/v\u00e1rios hosts\/multiautentica\u00e7\u00e3o<\/li>\n<li>Seguran\u00e7a de porta: Sticky MAC, whitelist MAC<\/li>\n<li>Rastreamento de DHCP, detec\u00e7\u00e3o e bloqueio<\/li>\n<li>IPv4 and IPv6 ACLs<\/li>\n<\/ul>\n<\/li>\n<\/ul>\n<ul class=\"ckeditor-css\">\n<li><strong>Desempenho<\/strong>\n<ul class=\"ckeditor-css\">\n<li>Capacidade de switching: 128 Gbps<\/li>\n<li>Taxa de encaminhamento: 95,23 mpps<\/li>\n<li>Suporte tipo jumbo (estrutura Ethernet de 9578 byte)<\/li>\n<li>Controle de fluxo<\/li>\n<\/ul>\n<\/li>\n<li><strong>Camada 3<\/strong>\n<ul class=\"ckeditor-css\">\n<li>Rel\u00e9 DHCP<\/li>\n<\/ul>\n<\/li>\n<li><strong>Alimenta\u00e7\u00e3o<\/strong>\n<ul class=\"ckeditor-css\">\n<li>Entrada de energia: 100-240V~, 50-60Hz<\/li>\n<li>MS125-24: 10,3-25,6 W m\u00e1x, sem ventoinha<\/li>\n<li>MS125-24P: 25-426,1 W<\/li>\n<\/ul>\n<\/li>\n<li><strong>Montagem<\/strong>\n<ul class=\"ckeditor-css\">\n<li>1U montada em rack com hardware de montagem em rack inclu\u00eddo<\/li>\n<li>2 op\u00e7\u00f5es de montagem de frente dispon\u00edveis<\/li>\n<\/ul>\n<\/li>\n<li><strong>Ambiente<\/strong>\n<ul class=\"ckeditor-css\">\n<li>Temperatura operacional: 0\u00b0C a 45\u00b0C 0\u00b0C &#8211; 40\u00b0C ao n\u00edvel do mar 0\u00b0C &#8211; 35\u00b0C a 10.000 p\u00e9s para o MS125-24 ao usar o MA-SFP-10GB-ER<\/li>\n<li>Umidade: 5 a 95% UR<\/li>\n<\/ul>\n<\/li>\n<li><strong>Regulat\u00f3rio<\/strong>\n<ul class=\"ckeditor-css\">\n<li>CSA-US (EUA, Canad\u00e1)<\/li>\n<li>FCC (EUA)<\/li>\n<li>IC (Canad\u00e1)<\/li>\n<li>CE (Europa)<\/li>\n<li>RCM (Austr\u00e1lia\/Nova Zel\u00e2ndia)<\/li>\n<li>RoHS<\/li>\n<li><em>Para verificar a disponibilidade internacional, entre em contato com sales@meraki.com<\/em><\/li>\n<\/ul>\n<\/li>\n<li><strong>Garantia<\/strong>\n<ul class=\"ckeditor-css\">\n<li>Garantia vital\u00edcia completa de hardware com substitui\u00e7\u00e3o avan\u00e7ada no dia seguinte inclu\u00edda.<\/li>\n<\/ul>\n<\/li>\n<li><strong>MTBF a 25\u00b0C<\/strong>\n<ul class=\"ckeditor-css\">\n<li>MS125-24-HW: 1.957.381<\/li>\n<li>MS125-24P-HW: 294,713<\/li>\n<\/ul>\n<\/li>\n<li><strong>Especifica\u00e7\u00f5es f\u00edsicas (A \u00d7 L \u00d7 P)<\/strong>\n<ul class=\"ckeditor-css\">\n<li>MS125-24-HW\n<ul class=\"ckeditor-css\">\n<li>4,40 \u00d7 44 \u00d7 25 cm (1,73&#8243; x 17,32&#8243; x 9,84&#8243;)<\/li>\n<li>3,.70 kg (8,15 lb)<\/li>\n<\/ul>\n<\/li>\n<li>MS125-24P-HW\n<ul class=\"ckeditor-css\">\n<li>4,40 \u00d7 44 \u00d7 25 cm (1,73&#8243; x 17,32&#8243; x 9,84&#8243;)<\/li>\n<li>4,20 kg (9,25 lb)<\/li>\n<\/ul>\n<\/li>\n<\/ul>\n<\/li>\n<\/ul>\n<style type=\"text\/css\"><!--td {border: 1px solid #ccc;}br {mso-data-placement:same-cell;}--><br \/>\n<\/style>\n","protected":false},"excerpt":{"rendered":"<p>Interfaces 24 \u00d7 10\/100\/1000BASE-T Ethernet (RJ45) 4 \u00d7 10G portas SFP para uplinks Negocia\u00e7\u00e3o autom\u00e1tica de detec\u00e7\u00e3o de cruzamento Gerenciamento Gerenciado pela Web com a plataforma de gerenciamento em nuvem<\/p>\n","protected":false},"featured_media":26375,"comment_status":"open","ping_status":"closed","template":"","meta":[],"product_cat":[470],"product_tag":[],"class_list":{"0":"post-24794","1":"product","2":"type-product","3":"status-publish","4":"has-post-thumbnail","6":"product_cat-ms-switches","8":"first","9":"instock","10":"shipping-taxable","11":"purchasable","12":"product-type-simple"},"acf":[],"_links":{"self":[{"href":"https:\/\/loja.iprojectti.com.br\/index.php?rest_route=\/wp\/v2\/product\/24794","targetHints":{"allow":["GET"]}}],"collection":[{"href":"https:\/\/loja.iprojectti.com.br\/index.php?rest_route=\/wp\/v2\/product"}],"about":[{"href":"https:\/\/loja.iprojectti.com.br\/index.php?rest_route=\/wp\/v2\/types\/product"}],"replies":[{"embeddable":true,"href":"https:\/\/loja.iprojectti.com.br\/index.php?rest_route=%2Fwp%2Fv2%2Fcomments&post=24794"}],"wp:featuredmedia":[{"embeddable":true,"href":"https:\/\/loja.iprojectti.com.br\/index.php?rest_route=\/wp\/v2\/media\/26375"}],"wp:attachment":[{"href":"https:\/\/loja.iprojectti.com.br\/index.php?rest_route=%2Fwp%2Fv2%2Fmedia&parent=24794"}],"wp:term":[{"taxonomy":"product_cat","embeddable":true,"href":"https:\/\/loja.iprojectti.com.br\/index.php?rest_route=%2Fwp%2Fv2%2Fproduct_cat&post=24794"},{"taxonomy":"product_tag","embeddable":true,"href":"https:\/\/loja.iprojectti.com.br\/index.php?rest_route=%2Fwp%2Fv2%2Fproduct_tag&post=24794"}],"curies":[{"name":"wp","href":"https:\/\/api.w.org\/{rel}","templated":true}]}}