{"id":24793,"date":"2022-02-02T11:10:03","date_gmt":"2022-02-02T14:10:03","guid":{"rendered":"https:\/\/loja.iprojectti.com.br\/?product=meraki-mr86-wi-fi-6-outdoor-ap"},"modified":"2022-03-03T16:01:50","modified_gmt":"2022-03-03T19:01:50","slug":"meraki-mr86-wi-fi-6-outdoor-ap","status":"publish","type":"product","link":"https:\/\/loja.iprojectti.com.br\/?product=meraki-mr86-wi-fi-6-outdoor-ap","title":{"rendered":"Meraki MR86 Wi-Fi 6 Outdoor AP"},"content":{"rendered":"<ul class=\"ckeditor-css\">\n<li><strong>R\u00e1dios<\/strong>\n<ul class=\"ckeditor-css\">\n<li>R\u00e1dio de acesso de cliente 802.11b\/g\/n\/ax de 2,4 GHz<\/li>\n<li>R\u00e1dio de acesso de cliente 802.11a\/n\/ac\/ax de 5 GHz<\/li>\n<li>R\u00e1dio de an\u00e1lise de localiza\u00e7\u00e3o, an\u00e1lise de espectro e WIDS\/WIPS de banda dupla de 2,4 GHz e 5 GHz<\/li>\n<li>R\u00e1dio Bluetooth Low Energy de 2,4 GHz com suporte a Beacon e varredura<\/li>\n<li>Opera\u00e7\u00f5es simult\u00e2neas dos quatro r\u00e1dios<\/li>\n<\/ul>\n<\/li>\n<li><strong>Faixas de frequ\u00eancia compat\u00edveis (aplicam-se as restri\u00e7\u00f5es espec\u00edficas do pa\u00eds):<\/strong>\n<ul class=\"ckeditor-css\">\n<li>\n<ul class=\"ckeditor-css\">\n<li>Entre 2,412 e 2,484 GHz<\/li>\n<li>Entre 5,150 e 5,250 GHz (UNII-1)<\/li>\n<li>Entre 5,250 e 5,350 GHz (UNII-2)<\/li>\n<li>Entre 5,470 e 5,600 e entre 5,660 e 5,725 GHz (UNII-2e)<\/li>\n<li>Recursos de 5,725 -5,825 GHz (UNII-3)<\/li>\n<\/ul>\n<\/li>\n<\/ul>\n<\/li>\n<li><strong>802.11ax, 802.11ac Wave 2 e 802.11n<\/strong>\n<ul class=\"ckeditor-css\">\n<li>UL\/DL OFDMA, suporte a TWT, colora\u00e7\u00e3o BSS<\/li>\n<li>MIMO (multiple input, multiple output) 4 x 4 com quatro fluxos espaciais<\/li>\n<li>Compat\u00edvel com UL\/DL SU-MIMO e MU-MIMO<\/li>\n<li>Maximal ratio combining (MRC) e forma\u00e7\u00e3o de feixe<\/li>\n<li>Canais de 20 e 40 MHz (802.11n); canais de 20, 40 e 80 MHz (802.11ac Wave 2); canais de 20, 40 e 80 MHz (802.11ax)<\/li>\n<li>At\u00e9 1024 QAM nas bandas de 2,4 GHz e 5 GHz<\/li>\n<li>Agrega\u00e7\u00e3o de pacotes<\/li>\n<\/ul>\n<\/li>\n<li><strong>Alimenta\u00e7\u00e3o<\/strong>\n<ul class=\"ckeditor-css\">\n<li>Power over Ethernet de 42,5 a 57 V (compat\u00edvel com 802.3at)<\/li>\n<li>Consumo de energia: 18 W m\u00e1x<\/li>\n<li>Injetor Power over Ethernet vendido separadamente<\/li>\n<\/ul>\n<\/li>\n<li><strong>Montagem<\/strong>\n<ul class=\"ckeditor-css\">\n<li>Montagem em paredes e postes verticais.<\/li>\n<li>Hardware de montagem inclu\u00eddo<\/li>\n<\/ul>\n<\/li>\n<li><strong>Seguran\u00e7a f\u00edsica<\/strong>\n<ul class=\"ckeditor-css\">\n<li>Parafuso de seguran\u00e7a inclu\u00eddo<\/li>\n<li>Compartimento do cabo anti-invas\u00e3o<\/li>\n<li>Placa de montagem oculta<\/li>\n<\/ul>\n<\/li>\n<li><strong>Ambiente<\/strong>\n<ul class=\"ckeditor-css\">\n<li>Temperatura operacional: -40\u00b0C a 55\u00b0C (-40\u00b0F a 131\u00b0F)<\/li>\n<li>Umidade: 5% a 95% sem condensa\u00e7\u00e3o<\/li>\n<li>Classifica\u00e7\u00e3o ambiental IP67<\/li>\n<\/ul>\n<\/li>\n<li><strong>Dimens\u00f5es F\u00edsicas<\/strong>\n<ul class=\"ckeditor-css\">\n<li>30,0 cm X 15,3 cm X 5,5 cm (11,81&#8243; x 6,02&#8243; x 2,16&#8243;), n\u00e3o incluindo prensa-cabo, suportes ou antenas<\/li>\n<li>Peso: 1,5 kg (52,91 on\u00e7as)<\/li>\n<\/ul>\n<\/li>\n<li><strong>Interfaces<\/strong>\n<ul class=\"ckeditor-css\">\n<li>1x 10\/100\/1000\/2,5G BASE-T Ethernet (RJ45)<\/li>\n<\/ul>\n<\/li>\n<\/ul>\n<ul class=\"ckeditor-css\">\n<li><strong>Seguran\u00e7a<\/strong>\n<ul class=\"ckeditor-css\">\n<li>Firewall de Camada 7 integrado com gerenciamento de pol\u00edticas de dispositivo m\u00f3vel<\/li>\n<li>WIDS\/WIPS em tempo real com alerta e conten\u00e7\u00e3o autom\u00e1tica de AP invasor com Air Marshal<\/li>\n<li>Acesso flex\u00edvel para convidados, com isolamento de dispositivos<\/li>\n<li>Marca\u00e7\u00e3o VLAN (802.1q) e tunelamento com IPsec VPN<\/li>\n<li>Relat\u00f3rios de conformidade do PCI<\/li>\n<li>WEP**, WPA, WPA2-PSK, WPA2-Empresarial com 802.1X, WPA3 &#8211; Pessoal**, WPA3 &#8211; Empresarial**, WPA3 &#8211; Aberto aprimorado (OWE)**<\/li>\n<li>EAP-TLS, EAP-TTLS, EAP-MSCHAPv2 e EAP-SIM<\/li>\n<li>Criptografia TKIP e AES<\/li>\n<li>Integra\u00e7\u00e3o de gerenciamento de mobilidade empresarial (EMM) ou gerenciamento de dispositivo m\u00f3vel (MDM)<\/li>\n<li>Integra\u00e7\u00e3o do Cisco ISE para acesso de convidado e posicionamento de BYOD<\/li>\n<\/ul>\n<\/li>\n<li><strong>Qualidade do servi\u00e7o<\/strong>\n<ul class=\"ckeditor-css\">\n<li>Economia de energia avan\u00e7ada (U-APSD)<\/li>\n<li>Categorias de acesso WMM compat\u00edveis com DSCP e 802.1p<\/li>\n<li>Identifica\u00e7\u00e3o e modelagem de tr\u00e1fego da aplica\u00e7\u00e3o da camada 7<\/li>\n<\/ul>\n<\/li>\n<li><strong>Mobilidade<\/strong>\n<ul class=\"ckeditor-css\">\n<li>PMK, OKC e 802.11r para roaming r\u00e1pido da Camada 2<\/li>\n<li>Roaming de camada 3 distribu\u00eddo ou centralizado<\/li>\n<\/ul>\n<\/li>\n<li><strong>An\u00e1lise<\/strong>\n<ul class=\"ckeditor-css\">\n<li>Relat\u00f3rios de an\u00e1lise local integrados e rastreamento de dispositivo<\/li>\n<li>Relat\u00f3rios de an\u00e1lise de tr\u00e1fego L7 global por rede, dispositivo e aplicativo<\/li>\n<\/ul>\n<\/li>\n<li><strong>Garantia<\/strong>\n<ul class=\"ckeditor-css\">\n<li>Garantia de pe\u00e7as de 1 ano com substitui\u00e7\u00e3o avan\u00e7ada inclu\u00edda<\/li>\n<\/ul>\n<\/li>\n<li><strong>Informa\u00e7\u00f5es sobre pedidos<\/strong>\n<ul class=\"ckeditor-css\">\n<li><strong>MR86-HW<\/strong>\u00a0Meraki MR86 Cloud Managed 802.11ax AP<\/li>\n<li><strong>MA-INJ-5-XX<\/strong>\u00a0Meraki Multigigabit 802.3at Power over Ethernet Injector (XX = US\/EU\/UK\/AU)<\/li>\n<li><strong>MA-INJ-4-XX<\/strong>\u00a0Meraki Gigabit 802.3at Power over Ethernet Injector (XX = US\/EU\/UK\/AU)<\/li>\n<li><strong>MA-ANT-20<\/strong>\u00a0Meraki Dual-Band Omni Antennas<\/li>\n<li><strong>MA-ANT-21<\/strong>\u00a0Meraki 5GHz Sector Antennas<\/li>\n<li><strong>MA-ANT-23<\/strong>\u00a0Meraki 2.4GHz Sector Antennas<\/li>\n<li><strong>MA-ANT-25<\/strong>\u00a0Meraki Dual-Band Patch Antenna<\/li>\n<li><strong>MA-ANT-27<\/strong>\u00a0Meraki Dual-Band Sector Antenna<\/li>\n<li><strong>AIR-ANT2513P4M-N<\/strong>\u00a0Banda dupla, 4 portas, feixe de 30\u00b0<\/li>\n<li>Meraki Dual-Band Omni Antennas<\/li>\n<li>Nota: \u00e9 necess\u00e1ria a licen\u00e7a de access point da Meraki. Para AIR-ANT2513P4M-N= antenna, entre em contato diretamente com a Cisco.<\/li>\n<\/ul>\n<\/li>\n<\/ul>\n<style type=\"text\/css\"><!--td {border: 1px solid #ccc;}br {mso-data-placement:same-cell;}--><br \/>\n<\/style>\n<style type=\"text\/css\"><!--td {border: 1px solid #ccc;}br {mso-data-placement:same-cell;}--><br \/>\n<\/style>\n","protected":false},"excerpt":{"rendered":"<p>R\u00e1dios R\u00e1dio de acesso de cliente 802.11b\/g\/n\/ax de 2,4 GHz R\u00e1dio de acesso de cliente 802.11a\/n\/ac\/ax de 5 GHz R\u00e1dio de an\u00e1lise de localiza\u00e7\u00e3o, an\u00e1lise de espectro e WIDS\/WIPS de<\/p>\n","protected":false},"featured_media":26468,"comment_status":"open","ping_status":"closed","template":"","meta":[],"product_cat":[468],"product_tag":[],"class_list":{"0":"post-24793","1":"product","2":"type-product","3":"status-publish","4":"has-post-thumbnail","6":"product_cat-mr-wifi","8":"first","9":"instock","10":"shipping-taxable","11":"purchasable","12":"product-type-simple"},"acf":[],"_links":{"self":[{"href":"https:\/\/loja.iprojectti.com.br\/index.php?rest_route=\/wp\/v2\/product\/24793","targetHints":{"allow":["GET"]}}],"collection":[{"href":"https:\/\/loja.iprojectti.com.br\/index.php?rest_route=\/wp\/v2\/product"}],"about":[{"href":"https:\/\/loja.iprojectti.com.br\/index.php?rest_route=\/wp\/v2\/types\/product"}],"replies":[{"embeddable":true,"href":"https:\/\/loja.iprojectti.com.br\/index.php?rest_route=%2Fwp%2Fv2%2Fcomments&post=24793"}],"wp:featuredmedia":[{"embeddable":true,"href":"https:\/\/loja.iprojectti.com.br\/index.php?rest_route=\/wp\/v2\/media\/26468"}],"wp:attachment":[{"href":"https:\/\/loja.iprojectti.com.br\/index.php?rest_route=%2Fwp%2Fv2%2Fmedia&parent=24793"}],"wp:term":[{"taxonomy":"product_cat","embeddable":true,"href":"https:\/\/loja.iprojectti.com.br\/index.php?rest_route=%2Fwp%2Fv2%2Fproduct_cat&post=24793"},{"taxonomy":"product_tag","embeddable":true,"href":"https:\/\/loja.iprojectti.com.br\/index.php?rest_route=%2Fwp%2Fv2%2Fproduct_tag&post=24793"}],"curies":[{"name":"wp","href":"https:\/\/api.w.org\/{rel}","templated":true}]}}