{"id":24788,"date":"2022-02-02T11:10:02","date_gmt":"2022-02-02T14:10:02","guid":{"rendered":"https:\/\/loja.iprojectti.com.br\/?product=meraki-mr36-wi-fi-6-indoor-ap"},"modified":"2022-03-03T16:00:37","modified_gmt":"2022-03-03T19:00:37","slug":"meraki-mr36-wi-fi-6-indoor-ap","status":"publish","type":"product","link":"https:\/\/loja.iprojectti.com.br\/?product=meraki-mr36-wi-fi-6-indoor-ap","title":{"rendered":"Meraki MR36 Wi-Fi 6 Indoor AP"},"content":{"rendered":"<ul class=\"ckeditor-css\">\n<li><strong>R\u00e1dios<\/strong>\n<ul class=\"ckeditor-css\">\n<li>R\u00e1dio de acesso de cliente 802.11b\/g\/n\/ax de 2,4 GHz<\/li>\n<li>R\u00e1dio de acesso de cliente 802.11a\/n\/ac\/ax de 5 GHz<\/li>\n<li>R\u00e1dio de an\u00e1lise de localiza\u00e7\u00e3o, an\u00e1lise de espectro e WIDS\/WIPS de banda dupla de 2,4 GHz e 5 GHz<\/li>\n<li>R\u00e1dio Bluetooth Low Energy de 2,4 GHz com suporte a Beacon<\/li>\n<li>Opera\u00e7\u00e3o simult\u00e2nea de todos os quatro r\u00e1dios<\/li>\n<li>Taxa m\u00e1xima de quadros agregados: 1,7 Gbps<\/li>\n<li>Faixas de frequ\u00eancia compat\u00edveis (aplicam-se as restri\u00e7\u00f5es espec\u00edficas do pa\u00eds):\n<ul class=\"ckeditor-css\">\n<li>Entre 2,412 e 2,484 GHz<\/li>\n<li>Entre 5,150 e 5,250 GHz (UNII-1)<\/li>\n<li>Entre 5,250 e 5,350 GHz (UNII-2)<\/li>\n<li>Entre 5,470 e 5,600 e entre 5,660 e 5,725 GHz (UNII-2e)<\/li>\n<li>Entre 5,1725 e 5,825 GHz (UNII-3)<\/li>\n<\/ul>\n<\/li>\n<\/ul>\n<\/li>\n<li><strong>Antena<\/strong>\n<ul class=\"ckeditor-css\">\n<li>Antena omnidirecional integrada (ganho de 5,4 dBi em 2,4 GHz, ganho de 6 dBi em 5 GHz)<\/li>\n<li>Elementos individuais de antena para cada r\u00e1dio<\/li>\n<\/ul>\n<\/li>\n<li><strong>Recursos de 802.11ax, 802.11ac Wave 2 e 802.11n<\/strong>\n<ul class=\"ckeditor-css\">\n<li>UL\/DL-OFDMA, UL-OFDMA, suporte a TWT, colora\u00e7\u00e3o BSS<\/li>\n<li>MIMO (multiple input, multiple output) 2 x 2 com quatro fluxos espaciais<\/li>\n<li>Compat\u00edvel com SU-MIMO, UL MU-MIMO e DL MU-MIMO<\/li>\n<li>Maximal ratio combining (MRC) e forma\u00e7\u00e3o de feixe<\/li>\n<li>Canais de 20 e 40 MHz (802.11n) Canais de 20, 40 e 80 MHz (802.11ac Wave 2)<\/li>\n<li>At\u00e9 1024 QAM nas bandas de 2,4 GHz e 5 GHz<\/li>\n<li>Agrega\u00e7\u00e3o de pacotes<\/li>\n<\/ul>\n<\/li>\n<li><strong>Alimenta\u00e7\u00e3o<\/strong>\n<ul class=\"ckeditor-css\">\n<li>Power over Ethernet: 37-47 V (compat\u00edvel com 802.af)<\/li>\n<li>Entrada CC 12 V alternativa<\/li>\n<li>Consumo de energia: m\u00e1ximo de 15 W (802.3af)<\/li>\n<li>Injetor de Power over Ethernet e adaptador CC vendidos separadamente<\/li>\n<\/ul>\n<\/li>\n<li><strong>Interfaces<\/strong>\n<ul class=\"ckeditor-css\">\n<li>1x 10\/100\/1000 BASE-T Ethernet<\/li>\n<li>1x conector de alimenta\u00e7\u00e3o CC (5,5 mm x 2,5 mm, centro positivo)<\/li>\n<\/ul>\n<\/li>\n<li><strong>Montagem<\/strong>\n<ul class=\"ckeditor-css\">\n<li>Todas as pe\u00e7as para montagem padr\u00e3o inclu\u00eddas<\/li>\n<li>Possibilidade de montagem na \u00e1rea de trabalho, no teto e na parede<\/li>\n<li>Trilho do forro (trilhos planos ou embutidos de 9\/16, 15\/16 ou 1 1\/2\u201d), caixas de jun\u00e7\u00e3o de cabos variadas<\/li>\n<li>N\u00edvel de bolha no suporte para montagem horizontal precisa na parede<\/li>\n<\/ul>\n<\/li>\n<li><strong>Seguran\u00e7a f\u00edsica<\/strong>\n<ul class=\"ckeditor-css\">\n<li>Duas op\u00e7\u00f5es de parafusos de seguran\u00e7a inclu\u00eddas<\/li>\n<li>Fixador do cadeado Kensington<\/li>\n<li>Placa de montagem oculta com compartimento do cabo anti-invas\u00e3o<\/li>\n<\/ul>\n<\/li>\n<li><strong>Ambiente<\/strong>\n<ul class=\"ckeditor-css\">\n<li>Temperatura operacional: 0\u00b0C a 40\u00b0C (32\u00b0F a 104\u00b0F)<\/li>\n<li>Umidade: 5% a 95% sem condensa\u00e7\u00e3o<\/li>\n<\/ul>\n<\/li>\n<li><strong>Dimens\u00f5es f\u00edsicas<\/strong>\n<ul class=\"ckeditor-css\">\n<li>25 cm x 12 cm x 3,6 cm (9,84&#8243; x 4,72\u201d x 1,42&#8243;), n\u00e3o incluindo p\u00e9s de montagem em mesa ou placa de montagem<\/li>\n<li>Peso: 0,5 kg (17,35 on\u00e7as)<\/li>\n<\/ul>\n<\/li>\n<\/ul>\n<ul class=\"ckeditor-css\">\n<li><strong>Seguran\u00e7a<\/strong>\n<ul class=\"ckeditor-css\">\n<li>Firewall de Camada 7 integrado com gerenciamento de pol\u00edticas de dispositivo m\u00f3vel<\/li>\n<li>WIDS\/WIPS em tempo real com alerta e conten\u00e7\u00e3o autom\u00e1tica de AP invasor com Air Marshal<\/li>\n<li>Acesso flex\u00edvel para convidados, com isolamento de dispositivos<\/li>\n<li>Marca\u00e7\u00e3o de VLAN (802.1Q) e encapsulamento com IPSec VPN<\/li>\n<li>Relat\u00f3rios de conformidade do PCI<\/li>\n<li>WEP*, WPA, WPA2-PSK, WPA2-Empresarial com 802.1X, WPA3 &#8211; Pessoal, WPA3 &#8211; Empresarial, WPA3 &#8211; Aberto aprimorado (OWE)<\/li>\n<li>EAP-TLS, EAP-TTLS, EAP-MSCHAPv2 e EAP-SIM<\/li>\n<li>Criptografia TKIP e AES<\/li>\n<li>Integra\u00e7\u00e3o de gerenciamento de mobilidade empresarial (EMM) ou gerenciamento de dispositivo m\u00f3vel (MDM)<\/li>\n<li>Integra\u00e7\u00e3o do Cisco ISE para acesso de convidado e BYOD<\/li>\n<\/ul>\n<\/li>\n<li><strong>Qualidade do servi\u00e7o<\/strong>\n<ul class=\"ckeditor-css\">\n<li>Economia de energia avan\u00e7ada (U-APSD)<\/li>\n<li>Categorias de acesso WMM compat\u00edveis com DSCP e 802.1p<\/li>\n<li>Identifica\u00e7\u00e3o e modelagem de tr\u00e1fego da aplica\u00e7\u00e3o da camada 7<\/li>\n<\/ul>\n<\/li>\n<li><strong>Mobilidade<\/strong>\n<ul class=\"ckeditor-css\">\n<li>PMK, OKC e 802.11r para roaming de camada 2 r\u00e1pido<\/li>\n<li>Roaming de camada 3 distribu\u00eddo ou centralizado<\/li>\n<\/ul>\n<\/li>\n<li><strong>An\u00e1lise<\/strong>\n<ul class=\"ckeditor-css\">\n<li>Relat\u00f3rios de an\u00e1lise local integrados e rastreamento de dispositivo<\/li>\n<li>Relat\u00f3rios de an\u00e1lise de tr\u00e1fego L7 global por rede, dispositivo e aplicativo<\/li>\n<\/ul>\n<\/li>\n<li><strong>Garantia<\/strong>\n<ul class=\"ckeditor-css\">\n<li>Garantia vital\u00edcia de pe\u00e7as, com substitui\u00e7\u00e3o avan\u00e7ada inclu\u00edda<\/li>\n<\/ul>\n<\/li>\n<li><strong>Informa\u00e7\u00f5es sobre pedidos<\/strong>\n<ul class=\"ckeditor-css\">\n<li>MR36-HW: AP 802.11ax gerenciado em nuvem pelo Meraki MR36<\/li>\n<li>MA-PWR-30W-XX: Adaptador AC para a S\u00e9rie MR da Meraki (XX = US\/EU\/UK\/AU)<\/li>\n<li>MA-INJ-4-XX: Injetor Power over Ethernet 802.3at da Cisco Meraki (XX = US\/EU\/UK\/AU)<\/li>\n<li>MA-INJ-5-XX: Injetor Power over Ethernet Meraki Gigabit 802.3at da Cisco Meraki (XX = US\/EU\/UK\/AU)<\/li>\n<li>Nota: \u00e9 necess\u00e1ria a licen\u00e7a de access point da Meraki<\/li>\n<\/ul>\n<\/li>\n<\/ul>\n<style type=\"text\/css\"><!--td {border: 1px solid #ccc;}br {mso-data-placement:same-cell;}--><br \/>\n<\/style>\n<style type=\"text\/css\"><!--td {border: 1px solid #ccc;}br {mso-data-placement:same-cell;}--><br \/>\n<\/style>\n","protected":false},"excerpt":{"rendered":"<p>R\u00e1dios R\u00e1dio de acesso de cliente 802.11b\/g\/n\/ax de 2,4 GHz R\u00e1dio de acesso de cliente 802.11a\/n\/ac\/ax de 5 GHz R\u00e1dio de an\u00e1lise de localiza\u00e7\u00e3o, an\u00e1lise de espectro e WIDS\/WIPS de<\/p>\n","protected":false},"featured_media":26436,"comment_status":"open","ping_status":"closed","template":"","meta":[],"product_cat":[468],"product_tag":[],"class_list":{"0":"post-24788","1":"product","2":"type-product","3":"status-publish","4":"has-post-thumbnail","6":"product_cat-mr-wifi","8":"first","9":"instock","10":"shipping-taxable","11":"purchasable","12":"product-type-simple"},"acf":[],"_links":{"self":[{"href":"https:\/\/loja.iprojectti.com.br\/index.php?rest_route=\/wp\/v2\/product\/24788","targetHints":{"allow":["GET"]}}],"collection":[{"href":"https:\/\/loja.iprojectti.com.br\/index.php?rest_route=\/wp\/v2\/product"}],"about":[{"href":"https:\/\/loja.iprojectti.com.br\/index.php?rest_route=\/wp\/v2\/types\/product"}],"replies":[{"embeddable":true,"href":"https:\/\/loja.iprojectti.com.br\/index.php?rest_route=%2Fwp%2Fv2%2Fcomments&post=24788"}],"wp:featuredmedia":[{"embeddable":true,"href":"https:\/\/loja.iprojectti.com.br\/index.php?rest_route=\/wp\/v2\/media\/26436"}],"wp:attachment":[{"href":"https:\/\/loja.iprojectti.com.br\/index.php?rest_route=%2Fwp%2Fv2%2Fmedia&parent=24788"}],"wp:term":[{"taxonomy":"product_cat","embeddable":true,"href":"https:\/\/loja.iprojectti.com.br\/index.php?rest_route=%2Fwp%2Fv2%2Fproduct_cat&post=24788"},{"taxonomy":"product_tag","embeddable":true,"href":"https:\/\/loja.iprojectti.com.br\/index.php?rest_route=%2Fwp%2Fv2%2Fproduct_tag&post=24788"}],"curies":[{"name":"wp","href":"https:\/\/api.w.org\/{rel}","templated":true}]}}