{"id":24782,"date":"2022-02-02T11:10:00","date_gmt":"2022-02-02T14:10:00","guid":{"rendered":"https:\/\/loja.iprojectti.com.br\/?product=meraki-indoor-dual-band-downtilt-omni-ant-6port-mr46e-mr53e"},"modified":"2022-03-03T16:00:21","modified_gmt":"2022-03-03T19:00:21","slug":"meraki-indoor-dual-band-downtilt-omni-ant-6port-mr46e-mr53e","status":"publish","type":"product","link":"https:\/\/loja.iprojectti.com.br\/?product=meraki-indoor-dual-band-downtilt-omni-ant-6port-mr46e-mr53e","title":{"rendered":"Meraki Indoor Dual-band Downtilt Omni Ant, 6port MR46E\/MR53E"},"content":{"rendered":"<h4 class=\"ckeditor-css\"><strong><span style=\"font-size: 14px;\">El\u00e9trica<\/span><\/strong><\/h4>\n<ul class=\"ckeditor-css\">\n<li>Tipo de Antena: omni<\/li>\n<li>Intervalo de frequ\u00eancia: 2,400 &#8211; 2,500, 5,150 &#8211; 5,875 GHz<\/li>\n<li>Ganho (por elemento de antena): (C5) 4,9 dBi (2,4)\/4,9 dBi (5)<\/li>\n<li>Ganho (por elemento de antena): (C6) 4,9 dBi (2,4)\/4,9 dBi (5)<\/li>\n<li>Polariza\u00e7\u00e3o: linear, vertical\/horizontal<\/li>\n<li>Amplitude de feixe em meia pot\u00eancia\/horizontal: omni<\/li>\n<li>Amplitude de feixe em meia pot\u00eancia\/vertical: 60\u00b0<\/li>\n<\/ul>\n<h4 class=\"ckeditor-css\"><strong><span style=\"font-size: 14px;\">Cabos<\/span><\/strong><\/h4>\n<ul class=\"ckeditor-css\">\n<li>Times AA-9303, 1M<\/li>\n<\/ul>\n<h4 class=\"ckeditor-css\"><strong><span style=\"font-size: 14px;\">Montagem<\/span><\/strong><\/h4>\n<ul class=\"ckeditor-css\">\n<li>Montagens em paredes, postes, telhas do teto<\/li>\n<li>Solu\u00e7\u00e3o de montagem embutida inclu\u00edda<\/li>\n<li>A solu\u00e7\u00e3o para montagem em superf\u00edcie e em tubula\u00e7\u00e3o \u00e9 vendida separadamente.<\/li>\n<\/ul>\n<h4 class=\"ckeditor-css\"><strong><span style=\"font-size: 14px;\">F\u00edsica e Ambiente<\/span><\/strong><\/h4>\n<ul class=\"ckeditor-css\">\n<li>Dimens\u00f5es: (C5): 300 mm \u00d7 35 mm (11,81\u201d\u00d7 1,38&#8243;)<\/li>\n<li>Dimens\u00f5es: (C6): 300 mm \u00d7 35 mm (11,81\u201d\u00d7 1,38&#8243;)<\/li>\n<li>Peso: (C5): 0,98 kg (34,39 on\u00e7as)<\/li>\n<li>Peso: (C6): 1,05 kg (37,04 on\u00e7as)<\/li>\n<li>Material: PC-ABS<\/li>\n<li>Temperatura operacional: 0\u00b0C a 40\u00b0C (32\u00b0F a 104\u00b0F)<\/li>\n<li>Umidade: 5% &#8211; 95%<\/li>\n<li>Conector: RP-TNC<\/li>\n<\/ul>\n<h4 class=\"ckeditor-css\"><strong><span style=\"font-size: 14px;\">Garantia<\/span><\/strong><\/h4>\n<ul class=\"ckeditor-css\">\n<li>1 ano de garantia de hardware inclu\u00edda<\/li>\n<\/ul>\n<h4 class=\"ckeditor-css\"><strong><span style=\"font-size: 14px;\">Informa\u00e7\u00f5es para pedidos<\/span><\/strong><\/h4>\n<ul class=\"ckeditor-css\">\n<li>MA-ANT-3-C5\/6<\/li>\n<li>MA-MNT-ANT-3 (Suporte de montagem horizontal)<\/li>\n<li>MA-MNT-ANT-4 (suporte de montagem vertical)<\/li>\n<\/ul>\n<h4 class=\"ckeditor-css\"><span style=\"font-size: 14px;\"><strong>Regulat\u00f3rio<\/strong><\/span><\/h4>\n<ul class=\"ckeditor-css\">\n<li>Certificado para uso com MR42E: MA-ANT-3-C5<\/li>\n<li>Certificado para uso com MR53E\/MR46E: MA-ANT-3-C6<\/li>\n<\/ul>\n","protected":false},"excerpt":{"rendered":"<p>El\u00e9trica Tipo de Antena: omni Intervalo de frequ\u00eancia: 2,400 &#8211; 2,500, 5,150 &#8211; 5,875 GHz Ganho (por elemento de antena): (C5) 4,9 dBi (2,4)\/4,9 dBi (5) Ganho (por elemento de<\/p>\n","protected":false},"featured_media":25271,"comment_status":"open","ping_status":"closed","template":"","meta":[],"product_cat":[468],"product_tag":[],"class_list":{"0":"post-24782","1":"product","2":"type-product","3":"status-publish","4":"has-post-thumbnail","6":"product_cat-mr-wifi","8":"first","9":"instock","10":"featured","11":"shipping-taxable","12":"purchasable","13":"product-type-simple"},"acf":[],"_links":{"self":[{"href":"https:\/\/loja.iprojectti.com.br\/index.php?rest_route=\/wp\/v2\/product\/24782","targetHints":{"allow":["GET"]}}],"collection":[{"href":"https:\/\/loja.iprojectti.com.br\/index.php?rest_route=\/wp\/v2\/product"}],"about":[{"href":"https:\/\/loja.iprojectti.com.br\/index.php?rest_route=\/wp\/v2\/types\/product"}],"replies":[{"embeddable":true,"href":"https:\/\/loja.iprojectti.com.br\/index.php?rest_route=%2Fwp%2Fv2%2Fcomments&post=24782"}],"wp:featuredmedia":[{"embeddable":true,"href":"https:\/\/loja.iprojectti.com.br\/index.php?rest_route=\/wp\/v2\/media\/25271"}],"wp:attachment":[{"href":"https:\/\/loja.iprojectti.com.br\/index.php?rest_route=%2Fwp%2Fv2%2Fmedia&parent=24782"}],"wp:term":[{"taxonomy":"product_cat","embeddable":true,"href":"https:\/\/loja.iprojectti.com.br\/index.php?rest_route=%2Fwp%2Fv2%2Fproduct_cat&post=24782"},{"taxonomy":"product_tag","embeddable":true,"href":"https:\/\/loja.iprojectti.com.br\/index.php?rest_route=%2Fwp%2Fv2%2Fproduct_tag&post=24782"}],"curies":[{"name":"wp","href":"https:\/\/api.w.org\/{rel}","templated":true}]}}