{"id":24695,"date":"2022-02-02T11:09:34","date_gmt":"2022-02-02T14:09:34","guid":{"rendered":"https:\/\/loja.iprojectti.com.br\/?product=cisco-8831-base-control-panel-with-no-dect-radio"},"modified":"2022-02-04T15:06:03","modified_gmt":"2022-02-04T18:06:03","slug":"cisco-8831-base-control-panel-with-no-dect-radio","status":"publish","type":"product","link":"https:\/\/loja.iprojectti.com.br\/?product=cisco-8831-base-control-panel-with-no-dect-radio","title":{"rendered":"Cisco 8831 Base\/control Panel With No Dect Radio"},"content":{"rendered":"<p class=\"ckeditor-css\"><span style=\"overflow: visible; font-family: CiscoSans, Arial, sans-serif; font-size: 14px; color: #525252; font-style: normal; font-variant-ligatures: normal; font-variant-caps: normal; font-weight: 400; letter-spacing: normal; orphans: 2; text-align: left; text-transform: none; white-space: normal; widows: 2; word-spacing: 0px; -webkit-text-stroke-width: 0px; background-color: #ffffff; text-decoration-thickness: initial; text-decoration-style: initial; text-decoration-color: initial; vertical-align: inherit;\"><span style=\"overflow: visible; font-family: CiscoSans, Arial, sans-serif; font-size: 14px; vertical-align: inherit;\">O Cisco\u00a0<\/span><\/span><span style=\"overflow: visible; font-family: CiscoSans, Arial, sans-serif; font-size: 14px; color: #525252; font-style: normal; font-variant-ligatures: normal; font-variant-caps: normal; font-weight: 400; letter-spacing: normal; orphans: 2; text-align: left; text-transform: none; white-space: normal; widows: 2; word-spacing: 0px; -webkit-text-stroke-width: 0px; background-color: #ffffff; text-decoration-thickness: initial; text-decoration-style: initial; text-decoration-color: initial; vertical-align: inherit;\"><span style=\"overflow: visible; font-family: CiscoSans, Arial, sans-serif; font-size: 14px; vertical-align: inherit;\">Unified IP Conference Phone 8831 aprimora as comunica\u00e7\u00f5es centradas nas pessoas, combinando desempenho de \u00e1udio de alta defini\u00e7\u00e3o (HD) superior e cobertura de 360 \u200b\u200bgraus para salas de confer\u00eancia e escrit\u00f3rios executivos de todos os tamanhos.\u00a0<\/span><span style=\"overflow: visible; font-family: CiscoSans, Arial, sans-serif; font-size: 14px; vertical-align: inherit;\">Ele fornece uma experi\u00eancia de som audi\u00f3filo com um alto-falante viva-voz full-duplex bidirecional de banda larga (G.722).<\/span><\/span><\/p>\n<p class=\"pBody ckeditor-css\" style=\"border: 0px; margin: 1px 0em 0.5em; padding: 0px; text-align: left; -webkit-text-stroke-width: 0px;\"><span style=\"font-size: 14px;\"><span style=\"font-style: normal;\"><span style=\"font-variant: normal;\"><span style=\"font-weight: 400;\"><span style=\"font-stretch: inherit;\"><span style=\"line-height: 1.25;\"><span style=\"font-family: CiscoSans, Arial, sans-serif;\"><span style=\"vertical-align: baseline;\"><span style=\"color: #525252;\"><span style=\"text-decoration: none;\"><span style=\"text-transform: none;\"><span style=\"overflow: visible;\"><span style=\"letter-spacing: normal;\"><span style=\"orphans: 2;\"><span style=\"white-space: normal;\"><span style=\"widows: 2;\"><span style=\"word-spacing: 0px;\"><span style=\"background-color: #ffffff;\"><span style=\"overflow: visible; font-family: CiscoSans, Arial, sans-serif; font-size: 14px; vertical-align: inherit;\"><span style=\"overflow: visible; font-family: CiscoSans, Arial, sans-serif; font-size: 14px; vertical-align: inherit;\">\u00a0IP Conference Phone 8831 \u00e9 uma solu\u00e7\u00e3o simples e escal\u00e1vel que atende aos desafios das mais diversas salas.\u00a0<\/span><span style=\"overflow: visible; font-family: CiscoSans, Arial, sans-serif; font-size: 14px; vertical-align: inherit;\">Ele fornece op\u00e7\u00f5es de implanta\u00e7\u00e3o e expans\u00e3o flex\u00edveis usando microfones de extens\u00e3o opcionais que podem ser com ou sem fio (Digital Equipment Cordless Telephone [DECT]) com uma configura\u00e7\u00e3o de liga\u00e7\u00e3o em cadeia de duas unidades.<\/span><\/span><\/span><\/span><\/span><\/span><\/span><\/span><\/span><\/span><\/span><\/span><\/span><\/span><\/span><\/span><\/span><\/span><\/span><\/span><\/p>\n<p class=\"pBody ckeditor-css\" style=\"border: 0px; margin: 1px 0em 0.5em; padding: 0px; text-align: left; -webkit-text-stroke-width: 0px;\"><span style=\"font-size: 14px;\"><span style=\"font-style: normal;\"><span style=\"font-variant: normal;\"><span style=\"font-weight: 400;\"><span style=\"font-stretch: inherit;\"><span style=\"line-height: 1.25;\"><span style=\"font-family: CiscoSans, Arial, sans-serif;\"><span style=\"vertical-align: baseline;\"><span style=\"color: #525252;\"><span style=\"text-decoration: none;\"><span style=\"text-transform: none;\"><span style=\"overflow: visible;\"><span style=\"letter-spacing: normal;\"><span style=\"orphans: 2;\"><span style=\"white-space: normal;\"><span style=\"widows: 2;\"><span style=\"word-spacing: 0px;\"><span style=\"background-color: #ffffff;\"><span style=\"overflow: visible; font-family: CiscoSans, Arial, sans-serif; font-size: 14px; vertical-align: inherit;\"><span style=\"overflow: visible; font-family: CiscoSans, Arial, sans-serif; font-size: 14px; vertical-align: inherit;\">O IP Conference Phone 8831 possui um design industrial com ergonomia aprimorada que coloca o usu\u00e1rio em primeiro lugar.\u00a0<\/span><span style=\"overflow: visible; font-family: CiscoSans, Arial, sans-serif; font-size: 14px; vertical-align: inherit;\">Ele oferece um painel de controle destacado para que a tela possa ser facilmente visualizada sem a necessidade de mover toda a unidade.\u00a0<\/span><span style=\"overflow: visible; font-family: CiscoSans, Arial, sans-serif; font-size: 14px; vertical-align: inherit;\">Ele tamb\u00e9m fornece uma visualiza\u00e7\u00e3o f\u00e1cil do status mudo do dispositivo de todos os lados.<\/span><\/span><\/span><\/span><\/span><\/span><\/span><\/span><\/span><\/span><\/span><\/span><\/span><\/span><\/span><\/span><\/span><\/span><\/span><\/span><\/p>\n<p class=\"pBody ckeditor-css\" style=\"border: 0px; margin: 1px 0em 0.5em; padding: 0px; text-align: left; -webkit-text-stroke-width: 0px;\"><span style=\"font-size: 14px;\"><span style=\"font-style: normal;\"><span style=\"font-variant: normal;\"><span style=\"font-weight: 400;\"><span style=\"font-stretch: inherit;\"><span style=\"line-height: 1.25;\"><span style=\"font-family: CiscoSans, Arial, sans-serif;\"><span style=\"vertical-align: baseline;\"><span style=\"color: #525252;\"><span style=\"text-decoration: none;\"><span style=\"text-transform: none;\"><span style=\"overflow: visible;\"><span style=\"letter-spacing: normal;\"><span style=\"orphans: 2;\"><span style=\"white-space: normal;\"><span style=\"widows: 2;\"><span style=\"word-spacing: 0px;\"><span style=\"background-color: #ffffff;\"><span style=\"overflow: visible; font-family: CiscoSans, Arial, sans-serif; font-size: 14px; vertical-align: inherit;\"><span style=\"overflow: visible; font-family: CiscoSans, Arial, sans-serif; font-size: 14px; vertical-align: inherit;\">Com suporte nos sistemas Cisco Unified Communications Manager e Business Edition, o IP Conference Phone 8831 oferece uma experi\u00eancia de comunica\u00e7\u00e3o mais produtiva, acusticamente agrad\u00e1vel e segura entre locais e participantes.<\/span><\/span><\/span><\/span><\/span><\/span><\/span><\/span><\/span><\/span><\/span><\/span><\/span><\/span><\/span><\/span><\/span><\/span><\/span><\/span><\/p>\n<p class=\"pBody ckeditor-css\" style=\"border: 0px; margin: 1px 0em 0.5em; padding: 0px; text-align: left; -webkit-text-stroke-width: 0px;\">\n<p class=\"pSubhead1CMT ckeditor-css\" style=\"border: 0px; margin: 1px 0pt 3px; padding: 0px; text-align: left; -webkit-text-stroke-width: 0px;\"><span style=\"font-size: 14px;\"><span style=\"font-style: normal;\"><span style=\"font-variant: normal;\"><span style=\"font-weight: bold;\"><span style=\"font-stretch: inherit;\"><span style=\"line-height: 1.25;\"><span style=\"font-family: CiscoSans, Arial, sans-serif;\"><span style=\"vertical-align: baseline;\"><span style=\"color: #444444;\"><span style=\"overflow: visible;\"><span style=\"text-decoration: none;\"><span style=\"text-transform: none;\"><span style=\"letter-spacing: normal;\"><span style=\"orphans: 2;\"><span style=\"white-space: normal;\"><span style=\"widows: 2;\"><span style=\"word-spacing: 0px;\"><span style=\"background-color: #ffffff;\"><span style=\"overflow: visible; font-family: CiscoSans, Arial, sans-serif; font-size: 14px; vertical-align: inherit;\"><span style=\"overflow: visible; font-family: CiscoSans, Arial, sans-serif; font-size: 14px; vertical-align: inherit;\">Caracter\u00edsticas e benef\u00edcios<\/span><\/span><\/span><\/span><\/span><\/span><\/span><\/span><\/span><\/span><\/span><\/span><\/span><\/span><\/span><\/span><\/span><\/span><\/span><\/span><\/p>\n<p class=\"pSubhead1CMT ckeditor-css\" style=\"border: 0px; margin: 1px 0pt 3px; padding: 0px; text-align: left; -webkit-text-stroke-width: 0px;\">\n<p class=\"pBody ckeditor-css\" style=\"border: 0px; margin: 1px 0em 0.5em; padding: 0px; text-align: left; -webkit-text-stroke-width: 0px;\"><span style=\"font-size: 14px;\"><span style=\"font-style: normal;\"><span style=\"font-variant: normal;\"><span style=\"font-weight: 400;\"><span style=\"font-stretch: inherit;\"><span style=\"line-height: 1.25;\"><span style=\"font-family: CiscoSans, Arial, sans-serif;\"><span style=\"vertical-align: baseline;\"><span style=\"color: #525252;\"><span style=\"text-decoration: none;\"><span style=\"text-transform: none;\"><span style=\"overflow: visible;\"><span style=\"letter-spacing: normal;\"><span style=\"orphans: 2;\"><span style=\"white-space: normal;\"><span style=\"widows: 2;\"><span style=\"word-spacing: 0px;\"><span style=\"background-color: #ffffff;\"><span style=\"overflow: visible; font-family: CiscoSans, Arial, sans-serif; font-size: 14px; vertical-align: inherit;\"><span style=\"overflow: visible; font-family: CiscoSans, Arial, sans-serif; font-size: 14px; vertical-align: inherit;\">O Cisco Unified IP Conference Phone 8831 oferece muitos aprimoramentos.\u00a0<\/span><span style=\"overflow: visible; font-family: CiscoSans, Arial, sans-serif; font-size: 14px; vertical-align: inherit;\">Os novos recursos incluem:<\/span><\/span><\/span><\/span><\/span><\/span><\/span><\/span><\/span><\/span><\/span><\/span><\/span><\/span><\/span><\/span><\/span><\/span><\/span><\/span><\/p>\n<p class=\"pBulletCMT ckeditor-css\" style=\"border: 0px; margin: 0pt 0pt 3pt 0px; padding: 0px; text-align: left; -webkit-text-stroke-width: 0px;\"><span style=\"font-size: 14px;\"><span style=\"font-style: normal;\"><span style=\"font-variant: normal;\"><span style=\"font-weight: normal;\"><span style=\"font-stretch: inherit;\"><span style=\"line-height: 1.25;\"><span style=\"font-family: CiscoSans, Arial, sans-serif;\"><span style=\"vertical-align: baseline;\"><span style=\"color: #525252;\"><span style=\"overflow: visible;\"><span style=\"text-decoration: none;\"><span style=\"text-transform: none;\"><span style=\"letter-spacing: normal;\"><span style=\"orphans: 2;\"><span style=\"white-space: normal;\"><span style=\"widows: 2;\"><span style=\"word-spacing: 0px;\"><span style=\"background-color: #ffffff;\"><span style=\"border: 0px; font-size: 7pt; margin: 0px; padding: 0px;\"><span style=\"font-style: inherit;\"><span style=\"font-variant: inherit;\"><span style=\"font-weight: inherit;\"><span style=\"font-stretch: inherit;\"><span style=\"line-height: inherit;\"><span style=\"font-family: CiscoSans, Arial, sans-serif;\"><span style=\"vertical-align: baseline;\"><span style=\"overflow: visible;\"><span style=\"position: relative;\"><span style=\"top: -0.5pt;\"><span style=\"overflow: visible; font-family: CiscoSans, Arial, sans-serif; font-size: 14px; vertical-align: inherit;\"><span style=\"overflow: visible; font-family: CiscoSans, Arial, sans-serif; font-size: 14px; vertical-align: inherit;\">\u25cf<\/span><\/span>\u00a0\u00a0\u00a0<\/span><\/span><\/span><\/span><\/span><\/span><\/span><\/span><\/span><\/span><\/span><span style=\"overflow: visible; font-family: CiscoSans, Arial, sans-serif; font-size: 14px; vertical-align: inherit;\"><span style=\"overflow: visible; font-family: CiscoSans, Arial, sans-serif; font-size: 14px; vertical-align: inherit;\">Ac\u00fastica de banda larga superior com o primeiro alto-falante de dois elementos em um telefone de confer\u00eancia;\u00a0<\/span><span style=\"overflow: visible; font-family: CiscoSans, Arial, sans-serif; font-size: 14px; vertical-align: inherit;\">esse recurso permite que o telefone capture todo o espectro de voz sem ter que se comprometer com um alto-falante de elemento \u00fanico<\/span><\/span><\/span><\/span><\/span><\/span><\/span><\/span><\/span><\/span><\/span><\/span><\/span><\/span><\/span><\/span><\/span><\/span><\/span><\/span><\/p>\n<p class=\"pBulletCMT ckeditor-css\" style=\"border: 0px; margin: 0pt 0pt 3pt 0px; padding: 0px; text-align: left; -webkit-text-stroke-width: 0px;\"><span style=\"font-size: 14px;\"><span style=\"font-style: normal;\"><span style=\"font-variant: normal;\"><span style=\"font-weight: normal;\"><span style=\"font-stretch: inherit;\"><span style=\"line-height: 1.25;\"><span style=\"font-family: CiscoSans, Arial, sans-serif;\"><span style=\"vertical-align: baseline;\"><span style=\"color: #525252;\"><span style=\"overflow: visible;\"><span style=\"text-decoration: none;\"><span style=\"text-transform: none;\"><span style=\"letter-spacing: normal;\"><span style=\"orphans: 2;\"><span style=\"white-space: normal;\"><span style=\"widows: 2;\"><span style=\"word-spacing: 0px;\"><span style=\"background-color: #ffffff;\"><span style=\"border: 0px; font-size: 7pt; margin: 0px; padding: 0px;\"><span style=\"font-style: inherit;\"><span style=\"font-variant: inherit;\"><span style=\"font-weight: inherit;\"><span style=\"font-stretch: inherit;\"><span style=\"line-height: inherit;\"><span style=\"font-family: CiscoSans, Arial, sans-serif;\"><span style=\"vertical-align: baseline;\"><span style=\"overflow: visible;\"><span style=\"position: relative;\"><span style=\"top: -0.5pt;\"><span style=\"overflow: visible; font-family: CiscoSans, Arial, sans-serif; font-size: 14px; vertical-align: inherit;\"><span style=\"overflow: visible; font-family: CiscoSans, Arial, sans-serif; font-size: 14px; vertical-align: inherit;\">\u25cf<\/span><\/span>\u00a0\u00a0\u00a0<\/span><\/span><\/span><\/span><\/span><\/span><\/span><\/span><\/span><\/span><\/span><span style=\"overflow: visible; font-family: CiscoSans, Arial, sans-serif; font-size: 14px; vertical-align: inherit;\"><span style=\"overflow: visible; font-family: CiscoSans, Arial, sans-serif; font-size: 14px; vertical-align: inherit;\">Cobertura de sala expandida com suporte para encadeamento de duas unidades<\/span><\/span><\/span><\/span><\/span><\/span><\/span><\/span><\/span><\/span><\/span><\/span><\/span><\/span><\/span><\/span><\/span><\/span><\/span><\/span><\/p>\n<p class=\"pBulletCMT ckeditor-css\" style=\"border: 0px; margin: 0pt 0pt 3pt 0px; padding: 0px; text-align: left; -webkit-text-stroke-width: 0px;\"><span style=\"font-size: 14px;\"><span style=\"font-style: normal;\"><span style=\"font-variant: normal;\"><span style=\"font-weight: normal;\"><span style=\"font-stretch: inherit;\"><span style=\"line-height: 1.25;\"><span style=\"font-family: CiscoSans, Arial, sans-serif;\"><span style=\"vertical-align: baseline;\"><span style=\"color: #525252;\"><span style=\"overflow: visible;\"><span style=\"text-decoration: none;\"><span style=\"text-transform: none;\"><span style=\"letter-spacing: normal;\"><span style=\"orphans: 2;\"><span style=\"white-space: normal;\"><span style=\"widows: 2;\"><span style=\"word-spacing: 0px;\"><span style=\"background-color: #ffffff;\"><span style=\"border: 0px; font-size: 7pt; margin: 0px; padding: 0px;\"><span style=\"font-style: inherit;\"><span style=\"font-variant: inherit;\"><span style=\"font-weight: inherit;\"><span style=\"font-stretch: inherit;\"><span style=\"line-height: inherit;\"><span style=\"font-family: CiscoSans, Arial, sans-serif;\"><span style=\"vertical-align: baseline;\"><span style=\"overflow: visible;\"><span style=\"position: relative;\"><span style=\"top: -0.5pt;\"><span style=\"overflow: visible; font-family: CiscoSans, Arial, sans-serif; font-size: 14px; vertical-align: inherit;\"><span style=\"overflow: visible; font-family: CiscoSans, Arial, sans-serif; font-size: 14px; vertical-align: inherit;\">\u25cf<\/span><\/span>\u00a0\u00a0\u00a0<\/span><\/span><\/span><\/span><\/span><\/span><\/span><\/span><\/span><\/span><\/span><span style=\"overflow: visible; font-family: CiscoSans, Arial, sans-serif; font-size: 14px; vertical-align: inherit;\"><span style=\"overflow: visible; font-family: CiscoSans, Arial, sans-serif; font-size: 14px; vertical-align: inherit;\">Suporte para microfone de extens\u00e3o sem fio DECT opcional: vendido separadamente<\/span><\/span><\/span><\/span><\/span><\/span><\/span><\/span><\/span><\/span><\/span><\/span><\/span><\/span><\/span><\/span><\/span><\/span><\/span><\/span><\/p>\n<p class=\"pBulletCMT ckeditor-css\" style=\"border: 0px; margin: 0pt 0pt 3pt 0px; padding: 0px; text-align: left; -webkit-text-stroke-width: 0px;\"><span style=\"font-size: 14px;\"><span style=\"font-style: normal;\"><span style=\"font-variant: normal;\"><span style=\"font-weight: normal;\"><span style=\"font-stretch: inherit;\"><span style=\"line-height: 1.25;\"><span style=\"font-family: CiscoSans, Arial, sans-serif;\"><span style=\"vertical-align: baseline;\"><span style=\"color: #525252;\"><span style=\"overflow: visible;\"><span style=\"text-decoration: none;\"><span style=\"text-transform: none;\"><span style=\"letter-spacing: normal;\"><span style=\"orphans: 2;\"><span style=\"white-space: normal;\"><span style=\"widows: 2;\"><span style=\"word-spacing: 0px;\"><span style=\"background-color: #ffffff;\"><span style=\"border: 0px; font-size: 7pt; margin: 0px; padding: 0px;\"><span style=\"font-style: inherit;\"><span style=\"font-variant: inherit;\"><span style=\"font-weight: inherit;\"><span style=\"font-stretch: inherit;\"><span style=\"line-height: inherit;\"><span style=\"font-family: CiscoSans, Arial, sans-serif;\"><span style=\"vertical-align: baseline;\"><span style=\"overflow: visible;\"><span style=\"position: relative;\"><span style=\"top: -0.5pt;\"><span style=\"overflow: visible; font-family: CiscoSans, Arial, sans-serif; font-size: 14px; vertical-align: inherit;\"><span style=\"overflow: visible; font-family: CiscoSans, Arial, sans-serif; font-size: 14px; vertical-align: inherit;\">\u25cf<\/span><\/span>\u00a0\u00a0\u00a0<\/span><\/span><\/span><\/span><\/span><\/span><\/span><\/span><\/span><\/span><\/span><span style=\"overflow: visible; font-family: CiscoSans, Arial, sans-serif; font-size: 14px; vertical-align: inherit;\"><span style=\"overflow: visible; font-family: CiscoSans, Arial, sans-serif; font-size: 14px; vertical-align: inherit;\">Sinaliza\u00e7\u00e3o do protocolo de inicia\u00e7\u00e3o de sess\u00e3o (SIP)<\/span><\/span><\/span><\/span><\/span><\/span><\/span><\/span><\/span><\/span><\/span><\/span><\/span><\/span><\/span><\/span><\/span><\/span><\/span><\/span><\/p>\n<p class=\"pBulletCMT ckeditor-css\" style=\"border: 0px; margin: 0pt 0pt 3pt 0px; padding: 0px; text-align: left; -webkit-text-stroke-width: 0px;\"><span style=\"font-size: 14px;\"><span style=\"font-style: normal;\"><span style=\"font-variant: normal;\"><span style=\"font-weight: normal;\"><span style=\"font-stretch: inherit;\"><span style=\"line-height: 1.25;\"><span style=\"font-family: CiscoSans, Arial, sans-serif;\"><span style=\"vertical-align: baseline;\"><span style=\"color: #525252;\"><span style=\"overflow: visible;\"><span style=\"text-decoration: none;\"><span style=\"text-transform: none;\"><span style=\"letter-spacing: normal;\"><span style=\"orphans: 2;\"><span style=\"white-space: normal;\"><span style=\"widows: 2;\"><span style=\"word-spacing: 0px;\"><span style=\"background-color: #ffffff;\"><span style=\"border: 0px; font-size: 7pt; margin: 0px; padding: 0px;\"><span style=\"font-style: inherit;\"><span style=\"font-variant: inherit;\"><span style=\"font-weight: inherit;\"><span style=\"font-stretch: inherit;\"><span style=\"line-height: inherit;\"><span style=\"font-family: CiscoSans, Arial, sans-serif;\"><span style=\"vertical-align: baseline;\"><span style=\"overflow: visible;\"><span style=\"position: relative;\"><span style=\"top: -0.5pt;\"><span style=\"overflow: visible; font-family: CiscoSans, Arial, sans-serif; font-size: 14px; vertical-align: inherit;\"><span style=\"overflow: visible; font-family: CiscoSans, Arial, sans-serif; font-size: 14px; vertical-align: inherit;\">\u25cf<\/span><\/span>\u00a0\u00a0\u00a0<\/span><\/span><\/span><\/span><\/span><\/span><\/span><\/span><\/span><\/span><\/span><span style=\"overflow: visible; font-family: CiscoSans, Arial, sans-serif; font-size: 14px; vertical-align: inherit;\"><span style=\"overflow: visible; font-family: CiscoSans, Arial, sans-serif; font-size: 14px; vertical-align: inherit;\">Autentica\u00e7\u00e3o de dispositivo e criptografia de sinaliza\u00e7\u00e3o usando Transport Layer Security (TLS) com Advanced Encryption Standard 128 (AES-128)<\/span><\/span><\/span><\/span><\/span><\/span><\/span><\/span><\/span><\/span><\/span><\/span><\/span><\/span><\/span><\/span><\/span><\/span><\/span><\/span><\/p>\n<p class=\"pBulletCMT ckeditor-css\" style=\"border: 0px; margin: 0pt 0pt 3pt 0px; padding: 0px; text-align: left; -webkit-text-stroke-width: 0px;\"><span style=\"font-size: 14px;\"><span style=\"font-style: normal;\"><span style=\"font-variant: normal;\"><span style=\"font-weight: normal;\"><span style=\"font-stretch: inherit;\"><span style=\"line-height: 1.25;\"><span style=\"font-family: CiscoSans, Arial, sans-serif;\"><span style=\"vertical-align: baseline;\"><span style=\"color: #525252;\"><span style=\"overflow: visible;\"><span style=\"text-decoration: none;\"><span style=\"text-transform: none;\"><span style=\"letter-spacing: normal;\"><span style=\"orphans: 2;\"><span style=\"white-space: normal;\"><span style=\"widows: 2;\"><span style=\"word-spacing: 0px;\"><span style=\"background-color: #ffffff;\"><span style=\"border: 0px; font-size: 7pt; margin: 0px; padding: 0px;\"><span style=\"font-style: inherit;\"><span style=\"font-variant: inherit;\"><span style=\"font-weight: inherit;\"><span style=\"font-stretch: inherit;\"><span style=\"line-height: inherit;\"><span style=\"font-family: CiscoSans, Arial, sans-serif;\"><span style=\"vertical-align: baseline;\"><span style=\"overflow: visible;\"><span style=\"position: relative;\"><span style=\"top: -0.5pt;\"><span style=\"overflow: visible; font-family: CiscoSans, Arial, sans-serif; font-size: 14px; vertical-align: inherit;\"><span style=\"overflow: visible; font-family: CiscoSans, Arial, sans-serif; font-size: 14px; vertical-align: inherit;\">\u25cf<\/span><\/span>\u00a0\u00a0\u00a0<\/span><\/span><\/span><\/span><\/span><\/span><\/span><\/span><\/span><\/span><\/span><span style=\"overflow: visible; font-family: CiscoSans, Arial, sans-serif; font-size: 14px; vertical-align: inherit;\"><span style=\"overflow: visible; font-family: CiscoSans, Arial, sans-serif; font-size: 14px; vertical-align: inherit;\">Criptografia de m\u00eddia usando Secure Real-Time Transport Protocol (SRTP) com AES-128<\/span><\/span><\/span><\/span><\/span><\/span><\/span><\/span><\/span><\/span><\/span><\/span><\/span><\/span><\/span><\/span><\/span><\/span><\/span><\/span><\/p>\n","protected":false},"excerpt":{"rendered":"<p>O Cisco\u00a0Unified IP Conference Phone 8831 aprimora as comunica\u00e7\u00f5es centradas nas pessoas, combinando desempenho de \u00e1udio de alta defini\u00e7\u00e3o (HD) superior e cobertura de 360 \u200b\u200bgraus para salas de confer\u00eancia<\/p>\n","protected":false},"featured_media":25196,"comment_status":"open","ping_status":"closed","template":"","meta":[],"product_cat":[500],"product_tag":[],"class_list":{"0":"post-24695","1":"product","2":"type-product","3":"status-publish","4":"has-post-thumbnail","6":"product_cat-ip-phone","8":"first","9":"instock","10":"shipping-taxable","11":"purchasable","12":"product-type-simple"},"acf":[],"_links":{"self":[{"href":"https:\/\/loja.iprojectti.com.br\/index.php?rest_route=\/wp\/v2\/product\/24695","targetHints":{"allow":["GET"]}}],"collection":[{"href":"https:\/\/loja.iprojectti.com.br\/index.php?rest_route=\/wp\/v2\/product"}],"about":[{"href":"https:\/\/loja.iprojectti.com.br\/index.php?rest_route=\/wp\/v2\/types\/product"}],"replies":[{"embeddable":true,"href":"https:\/\/loja.iprojectti.com.br\/index.php?rest_route=%2Fwp%2Fv2%2Fcomments&post=24695"}],"wp:featuredmedia":[{"embeddable":true,"href":"https:\/\/loja.iprojectti.com.br\/index.php?rest_route=\/wp\/v2\/media\/25196"}],"wp:attachment":[{"href":"https:\/\/loja.iprojectti.com.br\/index.php?rest_route=%2Fwp%2Fv2%2Fmedia&parent=24695"}],"wp:term":[{"taxonomy":"product_cat","embeddable":true,"href":"https:\/\/loja.iprojectti.com.br\/index.php?rest_route=%2Fwp%2Fv2%2Fproduct_cat&post=24695"},{"taxonomy":"product_tag","embeddable":true,"href":"https:\/\/loja.iprojectti.com.br\/index.php?rest_route=%2Fwp%2Fv2%2Fproduct_tag&post=24695"}],"curies":[{"name":"wp","href":"https:\/\/api.w.org\/{rel}","templated":true}]}}