{"id":24598,"date":"2022-02-02T11:09:07","date_gmt":"2022-02-02T14:09:07","guid":{"rendered":"https:\/\/loja.iprojectti.com.br\/?product=asr-1002-x-chassis-6x1ge-optional-p-s-4gb-dram"},"modified":"2022-02-13T00:36:58","modified_gmt":"2022-02-13T03:36:58","slug":"asr-1002-x-chassis-6x1ge-optional-p-s-4gb-dram","status":"publish","type":"product","link":"https:\/\/loja.iprojectti.com.br\/?product=asr-1002-x-chassis-6x1ge-optional-p-s-4gb-dram","title":{"rendered":"ASR 1002-X Chassis, 6x1ge, Optional P\/s, 4gb Dram"},"content":{"rendered":"<p class=\"pbody ckeditor-css\" style=\"margin: 0cm;margin-bottom: .0001pt;margin-right: 0cm;margin-left: 0cm\"><span style=\"font-size: 12pt\"><span style=\"background: white\"><span style=\"vertical-align: baseline\"><span style=\"font-family: 'Times New Roman',serif\"><span style=\"font-size: 10.5pt\"><span style=\"font-family: 'Arial',sans-serif\"><span style=\"color: #525252\">Cisco\u00a0<span style=\"font-style: inherit\"><span style=\"font-variant: inherit\"><span style=\"font-weight: inherit\"><span><span style=\"line-height: inherit\"><span style=\"overflow: visible\">ASR Series Routers Servi\u00e7os de Agrega\u00e7\u00e3o fornecer um Software Defined plataforma WAN que os agregados m\u00faltiplas conex\u00f5es WAN e servi\u00e7os de rede, incluindo criptografia e gerenciamento de tr\u00e1fego, e transmiti-los atrav\u00e9s de conex\u00f5es WAN em velocidades de linha de 2,5 a 200 Gbps.\u00a0Os roteadores cont\u00eam redund\u00e2ncia de hardware e software em um design de alta disponibilidade l\u00edder de mercado.<\/span><\/span><\/span><\/span><\/span><\/span><\/span><\/span><\/span><\/span><\/span><\/span><\/span><\/p>\n<p class=\"pbody ckeditor-css\" style=\"margin: 0cm;margin-bottom: .0001pt;margin-right: 0cm;margin-left: 0cm\">\n<p class=\"pbody ckeditor-css\" style=\"margin: 0cm;margin-bottom: .0001pt;margin-right: 0cm;margin-left: 0cm\"><span style=\"font-size: 12pt\"><span style=\"background: white\"><span style=\"vertical-align: baseline\"><span style=\"font-family: 'Times New Roman',serif\"><span style=\"font-size: 10.5pt\"><span style=\"font-family: 'Arial',sans-serif\"><span style=\"color: #525252\">O Cisco ASR Series oferece suporte ao\u00a0software\u00a0Cisco IOS\u00a0<sup style=\"font-style: inherit;font-variant: inherit;overflow: visible\"><span style=\"border: none windowtext 1.0pt;padding: 0cm\"><span style=\"font-style: inherit\"><span style=\"font-variant: inherit\"><span style=\"font-weight: inherit\"><span><span style=\"line-height: inherit\"><span style=\"overflow: visible\">\u00ae<\/span><\/span><\/span><\/span><\/span><\/span><\/span><\/sup>\u00a0XE, um sistema operacional modular com pacote modular, velocidade de recursos e resili\u00eancia poderosa.\u00a0Os processadores de servi\u00e7os integrados Cisco ASR Series (ESPs), que s\u00e3o baseados na tecnologia Cisco Flow Processor, aceleram muitos recursos avan\u00e7ados, como seguran\u00e7a de acesso baseada em criptografia;\u00a0Network Address Translation (NAT), defesa de thread com Cisco Zone-Based Firewall (ZBFW), Deep Packet Inspection (DPI), Cisco Unified Border Element (CUBE) e um conjunto diversificado de recursos de Data-Center-Interconnect (DCI).\u00a0Esses servi\u00e7os s\u00e3o implementados no software Cisco IOS XE sem a necessidade de suporte de hardware adicional.<\/span><\/span><\/span><\/span><\/span><\/span><\/span><\/p>\n<p class=\"pbody ckeditor-css\" style=\"margin: 0cm;margin-bottom: .0001pt;margin-right: 0cm;margin-left: 0cm\">\n<p class=\"pbody ckeditor-css\" style=\"margin: .75pt 0cm 3.75pt 0cm\"><span style=\"font-size: 12pt\"><span style=\"background: white\"><span style=\"vertical-align: baseline\"><span><span><span><span style=\"overflow: visible\"><span><span style=\"font-family: 'Times New Roman',serif\"><span style=\"font-size: 10.5pt\"><span style=\"font-family: 'Arial',sans-serif\"><span style=\"color: #525252\">Os roteadores Cisco ASR Series ficam no limite do data center da sua empresa ou de um grande escrit\u00f3rio conectado \u00e0 WAN, bem como nos pontos de presen\u00e7a (POPs) do provedor de servi\u00e7os.\u00a0O Cisco ASR Series beneficiar\u00e1 os seguintes tipos de clientes:<\/span><\/span><\/span><\/span><\/span><\/span><\/span><\/span><\/span><\/span><\/span><\/span><\/p>\n<p class=\"pbody ckeditor-css\" style=\"margin: .75pt 0cm 3.75pt 0cm\">\n<p class=\"pbulletcmt ckeditor-css\" style=\"margin: 0cm 0cm .0001pt 18.75pt\"><span style=\"font-size: 12pt\"><span style=\"background: white\"><span style=\"vertical-align: baseline\"><span><span><span><span style=\"overflow: visible\"><span><span style=\"font-family: 'Times New Roman',serif\"><span style=\"font-style: inherit\"><span style=\"font-variant: inherit\"><span style=\"font-weight: inherit\"><span><span style=\"line-height: inherit\"><span style=\"overflow: visible\"><span style=\"border: none windowtext 1.0pt;font-size: 10.5pt;padding: 0cm\"><span style=\"font-family: 'Arial',sans-serif\"><span style=\"color: #525252\">\u25cf\u00a0\u00a0\u00a0\u00a0\u00a0\u00a0<\/span><\/span><\/span><\/span><\/span><\/span><\/span><\/span><\/span><span style=\"font-size: 10.5pt\"><span style=\"font-family: 'Arial',sans-serif\"><span style=\"color: #525252\">Empresas que experimentam tr\u00e1fego de rede explosivo \u00e0 medida que a mobilidade, rede em nuvem e uso de v\u00eddeo e colabora\u00e7\u00e3o aumentam: Cisco ASRs consolida esses v\u00e1rios fluxos de tr\u00e1fego e aplica gerenciamento de tr\u00e1fego e propriedades de redund\u00e2ncia a eles para manter um desempenho consistente entre sites corporativos e locais de nuvem.<\/span><\/span><\/span><\/span><\/span><\/span><\/span><\/span><\/span><\/span><\/span><\/span><\/p>\n<p class=\"pbulletcmt ckeditor-css\" style=\"margin: 0cm 0cm .0001pt 18.75pt\"><span style=\"font-size: 12pt\"><span style=\"background: white\"><span style=\"vertical-align: baseline\"><span><span><span><span style=\"overflow: visible\"><span><span style=\"font-family: 'Times New Roman',serif\"><span style=\"font-style: inherit\"><span style=\"font-variant: inherit\"><span style=\"font-weight: inherit\"><span><span style=\"line-height: inherit\"><span style=\"overflow: visible\"><span style=\"border: none windowtext 1.0pt;font-size: 10.5pt;padding: 0cm\"><span style=\"font-family: 'Arial',sans-serif\"><span style=\"color: #525252\">\u25cf\u00a0\u00a0\u00a0\u00a0\u00a0\u00a0<\/span><\/span><\/span><\/span><\/span><\/span><\/span><\/span><\/span><span style=\"font-size: 10.5pt\"><span style=\"font-family: 'Arial',sans-serif\"><span style=\"color: #525252\">Provedores de servi\u00e7os de rede que precisam fornecer servi\u00e7os de alto desempenho, como DCI e agrega\u00e7\u00e3o de servidores de filiais, para clientes comerciais: Os provedores de servi\u00e7os tamb\u00e9m podem usar roteadores multisservi\u00e7os para implantar servi\u00e7os hospedados e gerenciados para neg\u00f3cios e servi\u00e7os multim\u00eddia para clientes residenciais.<\/span><\/span><\/span><\/span><\/span><\/span><\/span><\/span><\/span><\/span><\/span><\/span><\/p>\n","protected":false},"excerpt":{"rendered":"<p>Cisco\u00a0ASR Series Routers Servi\u00e7os de Agrega\u00e7\u00e3o fornecer um Software Defined plataforma WAN que os agregados m\u00faltiplas conex\u00f5es WAN e servi\u00e7os de rede, incluindo criptografia e gerenciamento de tr\u00e1fego, e transmiti-los<\/p>\n","protected":false},"featured_media":25390,"comment_status":"open","ping_status":"closed","template":"","meta":[],"product_cat":[421],"product_tag":[],"class_list":{"0":"post-24598","1":"product","2":"type-product","3":"status-publish","4":"has-post-thumbnail","6":"product_cat-asr-1000-series","8":"first","9":"instock","10":"shipping-taxable","11":"purchasable","12":"product-type-simple"},"acf":[],"_links":{"self":[{"href":"https:\/\/loja.iprojectti.com.br\/index.php?rest_route=\/wp\/v2\/product\/24598","targetHints":{"allow":["GET"]}}],"collection":[{"href":"https:\/\/loja.iprojectti.com.br\/index.php?rest_route=\/wp\/v2\/product"}],"about":[{"href":"https:\/\/loja.iprojectti.com.br\/index.php?rest_route=\/wp\/v2\/types\/product"}],"replies":[{"embeddable":true,"href":"https:\/\/loja.iprojectti.com.br\/index.php?rest_route=%2Fwp%2Fv2%2Fcomments&post=24598"}],"wp:featuredmedia":[{"embeddable":true,"href":"https:\/\/loja.iprojectti.com.br\/index.php?rest_route=\/wp\/v2\/media\/25390"}],"wp:attachment":[{"href":"https:\/\/loja.iprojectti.com.br\/index.php?rest_route=%2Fwp%2Fv2%2Fmedia&parent=24598"}],"wp:term":[{"taxonomy":"product_cat","embeddable":true,"href":"https:\/\/loja.iprojectti.com.br\/index.php?rest_route=%2Fwp%2Fv2%2Fproduct_cat&post=24598"},{"taxonomy":"product_tag","embeddable":true,"href":"https:\/\/loja.iprojectti.com.br\/index.php?rest_route=%2Fwp%2Fv2%2Fproduct_tag&post=24598"}],"curies":[{"name":"wp","href":"https:\/\/api.w.org\/{rel}","templated":true}]}}