{"id":19,"date":"2016-03-11T16:06:53","date_gmt":"2016-03-11T16:06:53","guid":{"rendered":"http:\/\/localhost\/wp\/simolux\/my-account\/"},"modified":"2022-02-01T14:48:50","modified_gmt":"2022-02-01T17:48:50","slug":"my-account","status":"publish","type":"page","link":"https:\/\/loja.iprojectti.com.br\/?page_id=19","title":{"rendered":"Minha conta"},"content":{"rendered":"<div class=\"woocommerce\"><div class=\"woocommerce-notices-wrapper\"><\/div>\n<div class=\"kapee-login-signup\" id=\"customer_login\">\n\t<div class=\"customer-login active\">\n\t\t<div class=\"customer-login-left\">\n\t\t\t<h2>Login<\/h2>\t\t\t\n\t\t\t<p>Tenha acesso aos seus Pedidos, Lista de Desejos e Recomenda\u00e7\u00f5es.<\/p>\n\t\t\t\n\t\t\t\t\t\t\n\t\t<\/div>\t\t\n\t\t<div class=\"customer-login-right\">\n\t\t\t<form class=\"woocommerce-form woocommerce-form-login login\" method=\"post\" action=\"https:\/\/loja.iprojectti.com.br\/?page_id=19\">\n\n\t\t\t\t\n\t\t\t\t<p class=\"woocommerce-form-row woocommerce-form-row--wide form-row form-row-wide\">\t\t\t\t\t\n\t\t\t\t\t<input type=\"text\" class=\"woocommerce-Input woocommerce-Input--text input-text\" name=\"username\" id=\"username\" autocomplete=\"username\" placeholder=\"Digite nome de usu\u00e1rio\/endere\u00e7o de e-Mail\" value=\"\" \/>\t\t\t\t<\/p>\n\t\t\t\t<p class=\"woocommerce-form-row woocommerce-form-row--wide form-row form-row-wide\">\t\t\t\t\t\n\t\t\t\t\t<input class=\"woocommerce-Input woocommerce-Input--text input-text\" type=\"password\" name=\"password\" id=\"password\" placeholder=\"Introduza A Palavra-Passe\" autocomplete=\"current-password\" \/>\n\t\t\t\t<\/p>\n\n\t\t\t\t\n\t\t\t\t<p class=\"form-row woocommerce-rememberme-lost_password\">\n\t\t\t\t\t\t<label class=\"woocommerce-form__label woocommerce-form__label-for-checkbox woocommerce-form-login__rememberme\">\n\t\t\t\t\t\t<input class=\"woocommerce-form__input woocommerce-form__input-checkbox\" name=\"rememberme\" type=\"checkbox\" id=\"rememberme\" value=\"forever\" \/> <span>Lembrar-me<\/span>\n\t\t\t\t\t<\/label>\n\t\t\t\t\t<a class=\"woocommerce-LostPassword\" href=\"https:\/\/loja.iprojectti.com.br\/?page_id=19&#038;lost-password\">Perdeu sua senha?<\/a>\n\t\t\t\t<\/p>\n\t\t\t\t\n\t\t\t\t<p class=\"woocommerce-login-button\">\n\t\t\t\t\t<input type=\"hidden\" id=\"woocommerce-login-nonce\" name=\"woocommerce-login-nonce\" value=\"cce8c32225\" \/><input type=\"hidden\" name=\"_wp_http_referer\" value=\"\/index.php?rest_route=%2Fwp%2Fv2%2Fpages%2F19\" \/>\t\t\t\t\t<button type=\"submit\" class=\"woocommerce-button button woocommerce-form-login__submit\" name=\"login\" value=\"De registo em\">De registo em<\/button>\t\t\t\t\n\t\t\t\t<\/p>\n\t\t\t\t\t\t\t\t\t\t\t\t<p class=\"woocommerce-new-signup\">\n\t\t\t\t\t\t\t\t\t\t<a class=\"new-signup button\" href=\"#\"> Novo para IProject? Assinar<\/a>\n\t\t\t\t\t\t\t\t\t<\/p>\n\t\t\t\t\t\t\t\t\n\n\t\t\t<\/form>\n\t\t<\/div>\n\t<\/div>\n\t\n\t\t\t<div class=\"customer-signup\">\n\t\t\t<div class=\"customer-signup-left\">\n\t\t\t\t<h2>Inscri\u00e7\u00e3o<\/h2>\t\t\t\t\n\t\t\t\t\n\t\t\t\t<div class=\"woocommerce-privacy-policy-text\"><p>Seus dados pessoais ser\u00e3o usados para aprimorar a sua experi\u00eancia em todo este site, para gerenciar o acesso a sua conta e para outros prop\u00f3sitos, como descritos em nossa <a href=\"https:\/\/loja.iprojectti.com.br\/?page_id=3\" class=\"woocommerce-privacy-policy-link\" target=\"_blank\">privacy policy<\/a>.<\/p>\n<\/div>\t\t\t\t\n\t\t\t<\/div>\t\t\t\n\t\t\t<div class=\"customer-signup-right\">\n\t\t\t\t<form method=\"post\" class=\"woocommerce-form woocommerce-form-register register\" action=\"https:\/\/loja.iprojectti.com.br\/?page_id=19\" >\n\n\t\t\t\t\t\n\t\t\t\t\t\n\t\t\t\t\t<p class=\"woocommerce-form-row woocommerce-form-row--wide form-row form-row-wide\">\n\t\t\t\t\t\t<input type=\"email\" class=\"woocommerce-Input woocommerce-Input--text input-text\" name=\"email\" id=\"reg_email\" autocomplete=\"email\" placeholder=\"Introduza o endere\u00e7o de e-Mail\" value=\"\" \/>\t\t\t\t\t<\/p>\n\n\t\t\t\t\t\n\t\t\t\t\t\t<p>Uma senha ser\u00e1 enviada para seu endere\u00e7o de e-mail.<\/p>\n\n\t\t\t\t\t\n\t\t\t\t\t\n\t\t\t\t\t<p class=\"woocommerce-form-row form-row\">\n\t\t\t\t\t\t<input type=\"hidden\" id=\"woocommerce-register-nonce\" name=\"woocommerce-register-nonce\" value=\"3389996728\" \/><input type=\"hidden\" name=\"_wp_http_referer\" value=\"\/index.php?rest_route=%2Fwp%2Fv2%2Fpages%2F19\" \/>\t\t\t\t\t\t<button type=\"submit\" class=\"woocommerce-Button button\" name=\"register\" value=\"Registar\">Registar<\/button>\n\t\t\t\t\t<\/p>\n\t\t\t\t\t\t\t\t\t\t<p class=\"woocommerce-new-signup\">\n\t\t\t\t\t\t<a class=\"user-signin button\" href=\"#\">Utilizador Existente? De registo em<\/a>\n\t\t\t\t\t<\/p>\n\n\t\t\t\t\t\n\n\t\t\t\t<\/form>\n\t\t\t<\/div>\n\t\t<\/div>\n\t<\/div>\n\n<\/div>\n","protected":false},"excerpt":{"rendered":"Login Tenha acesso aos seus Pedidos, Lista de Desejos e Recomenda\u00e7\u00f5es. Lembrar-me Perdeu sua senha? De registo em Novo para IProject? Assinar Inscri\u00e7\u00e3o Seus dados pessoais ser\u00e3o usados para aprimorar","protected":false},"author":1,"featured_media":0,"parent":0,"menu_order":0,"comment_status":"closed","ping_status":"closed","template":"","meta":{"footnotes":""},"class_list":["post-19","page","type-page","status-publish","hentry"],"acf":[],"_links":{"self":[{"href":"https:\/\/loja.iprojectti.com.br\/index.php?rest_route=\/wp\/v2\/pages\/19","targetHints":{"allow":["GET"]}}],"collection":[{"href":"https:\/\/loja.iprojectti.com.br\/index.php?rest_route=\/wp\/v2\/pages"}],"about":[{"href":"https:\/\/loja.iprojectti.com.br\/index.php?rest_route=\/wp\/v2\/types\/page"}],"author":[{"embeddable":true,"href":"https:\/\/loja.iprojectti.com.br\/index.php?rest_route=\/wp\/v2\/users\/1"}],"replies":[{"embeddable":true,"href":"https:\/\/loja.iprojectti.com.br\/index.php?rest_route=%2Fwp%2Fv2%2Fcomments&post=19"}],"version-history":[{"count":1,"href":"https:\/\/loja.iprojectti.com.br\/index.php?rest_route=\/wp\/v2\/pages\/19\/revisions"}],"predecessor-version":[{"id":24508,"href":"https:\/\/loja.iprojectti.com.br\/index.php?rest_route=\/wp\/v2\/pages\/19\/revisions\/24508"}],"wp:attachment":[{"href":"https:\/\/loja.iprojectti.com.br\/index.php?rest_route=%2Fwp%2Fv2%2Fmedia&parent=19"}],"curies":[{"name":"wp","href":"https:\/\/api.w.org\/{rel}","templated":true}]}}