{"id":1042,"date":"2019-06-01T05:38:36","date_gmt":"2019-06-01T05:38:36","guid":{"rendered":"https:\/\/kapee.presslayouts.com\/dummy\/?page_id=1042"},"modified":"2022-02-16T18:26:23","modified_gmt":"2022-02-16T21:26:23","slug":"about-us-2-2","status":"publish","type":"page","link":"https:\/\/loja.iprojectti.com.br\/?page_id=1042","title":{"rendered":"Sobre"},"content":{"rendered":"<p>[vc_row content_placement=&#8221;middle&#8221; css=&#8221;.vc_custom_1563257736102{margin-top: 40px !important;margin-bottom: 40px !important;}&#8221;][vc_column width=&#8221;1\/2&#8243;][vc_single_image image=&#8221;26490&#8243; img_size=&#8221;full&#8221;][\/vc_column][vc_column width=&#8221;1\/2&#8243;][vc_column_text]A crescente demanda por ferramentas de integra\u00e7\u00e3o de solu\u00e7\u00f5es em TI e Telecom, exp\u00f4s uma relevante lacuna para empreendimentos de intelig\u00eancia tecnol\u00f3gica.<\/p>\n<p>Foi nesse hiato que nasceu a iProject, empresa que traz a ousadia e inova\u00e7\u00e3o em seu DNA, e tem por prop\u00f3sito ajudar as organiza\u00e7\u00f5es a superar os desafios contempor\u00e2neos de conectividade e impulsionar seus desempenhos a partir da otimiza\u00e7\u00e3o do usufruto dos recursos tecnol\u00f3gicos.<\/p>\n<p>A iProject \u00e9 uma empresa cearense com esp\u00edrito global. Em pouco tempo de exist\u00eancia, j\u00e1 desenvolveu um portf\u00f3lio de solu\u00e7\u00f5es e conquistou uma carteira de clientes que a credenciam a disputar espa\u00e7o com os principais players dos segmentos onde compete. Da\u00ed a sua permanente preocupa\u00e7\u00e3o em estar credenciada para ter uma atua\u00e7\u00e3o tanto no mercado local, quanto regional e nacional.<\/p>\n<p>Em fun\u00e7\u00e3o disso, a iProject atenta cotidianamente para a import\u00e2ncia de caminhar ao lado das melhores e mais valorizadas marcas. Nesse breve per\u00edodo, se fez parceira de empresas l\u00edderes do mercado mundial, a exemplo da Cisco, Nokia, Dell, VMWare, Fortinet, Veeam, Veritas, Axis, Synamedia, Arris, Microsoft, Logitech e Jabra.<\/p>\n<p>Ademais, ciente da import\u00e2ncia do aprendizado cont\u00ednuo como recurso imprescind\u00edvel para a efetividade das solu\u00e7\u00f5es que se prop\u00f5e a entregar ao seu p\u00fablico, a iProject investe sistematicamente na qualifica\u00e7\u00e3o do seu quadro de colaboradores. De todos os profissionais que nela trabalham, a iProject exige que busquem continuamente a conquista das certifica\u00e7\u00f5es e titula\u00e7\u00f5es mais relevantes para a sua expertise nos setores onde atuam.[\/vc_column_text][\/vc_column][\/vc_row]<\/p>\n","protected":false},"excerpt":{"rendered":"<p>[vc_row content_placement=&#8221;middle&#8221; css=&#8221;.vc_custom_1563257736102{margin-top: 40px !important;margin-bottom: 40px !important;}&#8221;][vc_column width=&#8221;1\/2&#8243;][vc_single_image image=&#8221;26490&#8243; img_size=&#8221;full&#8221;][\/vc_column][vc_column width=&#8221;1\/2&#8243;][vc_column_text]A crescente demanda por ferramentas de integra\u00e7\u00e3o de solu\u00e7\u00f5es em TI e Telecom, exp\u00f4s uma relevante lacuna para empreendimentos de<\/p>\n","protected":false},"author":1,"featured_media":0,"parent":0,"menu_order":0,"comment_status":"closed","ping_status":"closed","template":"","meta":{"footnotes":""},"class_list":["post-1042","page","type-page","status-publish","hentry"],"acf":[],"_links":{"self":[{"href":"https:\/\/loja.iprojectti.com.br\/index.php?rest_route=\/wp\/v2\/pages\/1042","targetHints":{"allow":["GET"]}}],"collection":[{"href":"https:\/\/loja.iprojectti.com.br\/index.php?rest_route=\/wp\/v2\/pages"}],"about":[{"href":"https:\/\/loja.iprojectti.com.br\/index.php?rest_route=\/wp\/v2\/types\/page"}],"author":[{"embeddable":true,"href":"https:\/\/loja.iprojectti.com.br\/index.php?rest_route=\/wp\/v2\/users\/1"}],"replies":[{"embeddable":true,"href":"https:\/\/loja.iprojectti.com.br\/index.php?rest_route=%2Fwp%2Fv2%2Fcomments&post=1042"}],"version-history":[{"count":5,"href":"https:\/\/loja.iprojectti.com.br\/index.php?rest_route=\/wp\/v2\/pages\/1042\/revisions"}],"predecessor-version":[{"id":26493,"href":"https:\/\/loja.iprojectti.com.br\/index.php?rest_route=\/wp\/v2\/pages\/1042\/revisions\/26493"}],"wp:attachment":[{"href":"https:\/\/loja.iprojectti.com.br\/index.php?rest_route=%2Fwp%2Fv2%2Fmedia&parent=1042"}],"curies":[{"name":"wp","href":"https:\/\/api.w.org\/{rel}","templated":true}]}}